{"id":120566,"date":"2023-07-11T23:14:03","date_gmt":"2023-07-11T21:14:03","guid":{"rendered":"https:\/\/everplast.pl\/kugeln-fuer-rueckhaltebecken\/"},"modified":"2025-08-05T22:11:06","modified_gmt":"2025-08-05T20:11:06","slug":"kugeln-fuer-rueckhaltebecken","status":"publish","type":"page","link":"https:\/\/everplast.pl\/de\/kugeln-fuer-rueckhaltebecken\/","title":{"rendered":"Kugeln f\u00fcr R\u00fcckhaltebecken"},"content":{"rendered":"<div class=\"wpb-content-wrapper\"><p>[vc_row row_height_percent=&#8220;40&#8243; back_color=&#8220;color-wayh&#8220; back_image=&#8220;118203&#8243; parallax=&#8220;yes&#8220; overlay_color=&#8220;color-wayh&#8220; overlay_alpha=&#8220;50&#8243; gutter_size=&#8220;3&#8243; column_width_percent=&#8220;100&#8243; shift_y=&#8220;0&#8243; z_index=&#8220;0&#8243; uncode_shortcode_id=&#8220;372430&#8243; back_color_type=&#8220;uncode-palette&#8220; overlay_color_type=&#8220;uncode-palette&#8220;][vc_column column_width_percent=&#8220;100&#8243; gutter_size=&#8220;3&#8243; overlay_alpha=&#8220;50&#8243; shift_x=&#8220;0&#8243; shift_y=&#8220;0&#8243; shift_y_down=&#8220;0&#8243; z_index=&#8220;0&#8243; medium_width=&#8220;0&#8243; mobile_width=&#8220;0&#8243; width=&#8220;1\/1&#8243; mobile_height=&#8220;340&#8243;][\/vc_column][\/vc_row][vc_row row_height_percent=&#8220;0&#8243; override_padding=&#8220;yes&#8220; h_padding=&#8220;3&#8243; top_padding=&#8220;2&#8243; bottom_padding=&#8220;5&#8243; overlay_alpha=&#8220;50&#8243; gutter_size=&#8220;3&#8243; column_width_use_pixel=&#8220;yes&#8220; shift_y=&#8220;0&#8243; z_index=&#8220;2&#8243;][vc_column column_width_percent=&#8220;100&#8243; align_horizontal=&#8220;align_center&#8220; gutter_size=&#8220;3&#8243; override_padding=&#8220;yes&#8220; column_padding=&#8220;3&#8243; style=&#8220;dark&#8220; back_color=&#8220;accent&#8220; overlay_alpha=&#8220;50&#8243; radius=&#8220;std&#8220; shadow=&#8220;lg&#8220; shift_x=&#8220;0&#8243; shift_y=&#8220;-5&#8243; shift_y_fixed=&#8220;yes&#8220; shift_y_down=&#8220;0&#8243; z_index=&#8220;0&#8243; medium_width=&#8220;0&#8243; mobile_width=&#8220;0&#8243; width=&#8220;1\/1&#8243;][vc_row_inner row_inner_height_percent=&#8220;0&#8243; overlay_alpha=&#8220;50&#8243; gutter_size=&#8220;4&#8243; shift_y=&#8220;0&#8243; z_index=&#8220;0&#8243; limit_content=&#8220;&#8220;][vc_column_inner column_width_percent=&#8220;100&#8243; align_horizontal=&#8220;align_right&#8220; gutter_size=&#8220;3&#8243; style=&#8220;dark&#8220; overlay_alpha=&#8220;50&#8243; shift_x=&#8220;0&#8243; shift_y=&#8220;0&#8243; shift_y_down=&#8220;0&#8243; z_index=&#8220;0&#8243; align_medium=&#8220;align_center_tablet&#8220; medium_width=&#8220;0&#8243; align_mobile=&#8220;align_center_mobile&#8220; mobile_width=&#8220;0&#8243; width=&#8220;1\/2&#8243; uncode_shortcode_id=&#8220;174154&#8243;][vc_custom_heading heading_semantic=&#8220;h1&#8243; text_size=&#8220;fontsize-155944&#8243; sub_lead=&#8220;yes&#8220; uncode_shortcode_id=&#8220;763158&#8243;]Kugeln f\u00fcr R\u00fcckhaltebecken[\/vc_custom_heading][\/vc_column_inner][vc_column_inner column_width_percent=&#8220;100&#8243; gutter_size=&#8220;3&#8243; style=&#8220;dark&#8220; overlay_alpha=&#8220;50&#8243; shift_x=&#8220;0&#8243; shift_y=&#8220;0&#8243; shift_y_down=&#8220;0&#8243; z_index=&#8220;0&#8243; align_medium=&#8220;align_center_tablet&#8220; medium_width=&#8220;0&#8243; align_mobile=&#8220;align_center_mobile&#8220; mobile_width=&#8220;0&#8243; width=&#8220;1\/2&#8243;][vc_column_text text_lead=&#8220;yes&#8220; uncode_shortcode_id=&#8220;459004&#8243;]Unser Unternehmen erf\u00fcllt die Erwartungen, indem es bahnbrechende L\u00f6sungen entwickelt, die viele Aspekte des t\u00e4glichen Lebens erleichtern. Das neue Produkt, schwarze B\u00e4lle f\u00fcr Stauseen, ist ein Durchbruch im Kampf gegen die Trockenheit.[\/vc_column_text][\/vc_column_inner][\/vc_row_inner][\/vc_column][\/vc_row][vc_row row_height_percent=&#8220;0&#8243; override_padding=&#8220;yes&#8220; h_padding=&#8220;2&#8243; top_padding=&#8220;3&#8243; bottom_padding=&#8220;3&#8243; overlay_alpha=&#8220;100&#8243; gutter_size=&#8220;3&#8243; column_width_percent=&#8220;100&#8243; shift_y=&#8220;-5&#8243; z_index=&#8220;0&#8243; content_parallax=&#8220;0&#8243; row_height_use_pixel=&#8220;&#8220; uncode_shortcode_id=&#8220;761120&#8243;][vc_column column_width_use_pixel=&#8220;yes&#8220; gutter_size=&#8220;3&#8243; overlay_alpha=&#8220;50&#8243; shift_x=&#8220;0&#8243; shift_y=&#8220;0&#8243; medium_width=&#8220;0&#8243; zoom_width=&#8220;0&#8243; zoom_height=&#8220;0&#8243; column_width_pixel=&#8220;800&#8243;][vc_column_text uncode_shortcode_id=&#8220;978042&#8243;]<\/p>\n<h2 class=\"elementor-heading-title elementor-size-default\" style=\"text-align: center;\"><strong>Verdunstungsreduktionsperlen &#8211; effektiver Schutz vor Wasserverlust<\/strong><\/h2>\n<p style=\"text-align: center;\" align=\"justify\">Verdunstungsschutzperlen sind eine innovative L\u00f6sung, um Wasser vor \u00fcberm\u00e4\u00dfiger Verdunstung zu sch\u00fctzen. Diese schwarzen Kugeln aus einem Material mit geringer W\u00e4rmeleitf\u00e4higkeit wurden speziell entwickelt, um den Wasserverlust an der Oberfl\u00e4che von R\u00fcckhaltebecken, Pools oder Teichen zu reduzieren. Dank ihrer F\u00e4higkeit, Sonnenenergie zu absorbieren, reduzieren die Perlen effektiv die Verdunstung und sorgen so f\u00fcr einen sparsamen Umgang mit Wasser. Die Verwendung von Verdunstungsreduktionskugeln ist eine einfache und kosteneffektive M\u00f6glichkeit, Wasserressourcen zu sparen.<\/p>\n<p>[\/vc_column_text][\/vc_column][\/vc_row][vc_row unlock_row_content=&#8220;yes&#8220; row_height_percent=&#8220;0&#8243; override_padding=&#8220;yes&#8220; h_padding=&#8220;1&#8243; top_padding=&#8220;3&#8243; bottom_padding=&#8220;0&#8243; overlay_alpha=&#8220;100&#8243; gutter_size=&#8220;3&#8243; column_width_percent=&#8220;100&#8243; shift_y=&#8220;-5&#8243; z_index=&#8220;0&#8243; content_parallax=&#8220;0&#8243; row_height_use_pixel=&#8220;&#8220; uncode_shortcode_id=&#8220;143842&#8243; css=&#8220;.vc_custom_1732107073331{margin-bottom: -100px !important;}&#8220;][vc_column column_width_use_pixel=&#8220;yes&#8220; gutter_size=&#8220;3&#8243; override_padding=&#8220;yes&#8220; column_padding=&#8220;2&#8243; overlay_alpha=&#8220;50&#8243; shift_x=&#8220;0&#8243; shift_y=&#8220;0&#8243; shift_y_down=&#8220;0&#8243; z_index=&#8220;0&#8243; medium_width=&#8220;0&#8243; mobile_width=&#8220;0&#8243; zoom_width=&#8220;0&#8243; zoom_height=&#8220;0&#8243; column_width_pixel=&#8220;1500&#8243; uncode_shortcode_id=&#8220;903340&#8243;][vc_gallery el_id=&#8220;gallery-603878&#8243; type=&#8220;carousel&#8220; medias=&#8220;120223,120225,120227&#8243; carousel_lg=&#8220;3&#8243; carousel_md=&#8220;3&#8243; carousel_sm=&#8220;1&#8243; gutter_size=&#8220;2&#8243; media_items=&#8220;media|lightbox|original,icon|md&#8220; carousel_height=&#8220;equal&#8220; carousel_interval=&#8220;3000&#8243; carousel_navspeed=&#8220;400&#8243; carousel_overflow=&#8220;yes&#8220; stage_padding=&#8220;0&#8243; single_overlay_opacity=&#8220;50&#8243; single_padding=&#8220;1&#8243; uncode_shortcode_id=&#8220;850050&#8243;][\/vc_column][\/vc_row][vc_row row_height_percent=&#8220;50&#8243; override_padding=&#8220;yes&#8220; h_padding=&#8220;2&#8243; top_padding=&#8220;2&#8243; bottom_padding=&#8220;2&#8243; overlay_alpha=&#8220;50&#8243; gutter_size=&#8220;3&#8243; column_width_percent=&#8220;100&#8243; shift_y=&#8220;0&#8243; z_index=&#8220;0&#8243; content_parallax=&#8220;0&#8243; uncode_shortcode_id=&#8220;583437&#8243;][vc_column column_width_use_pixel=&#8220;yes&#8220; position_vertical=&#8220;middle&#8220; align_horizontal=&#8220;align_center&#8220; gutter_size=&#8220;3&#8243; override_padding=&#8220;yes&#8220; column_padding=&#8220;2&#8243; overlay_alpha=&#8220;50&#8243; radius=&#8220;std&#8220; shadow=&#8220;sm&#8220; shadow_darker=&#8220;yes&#8220; shift_x=&#8220;0&#8243; shift_y=&#8220;0&#8243; shift_y_down=&#8220;0&#8243; z_index=&#8220;0&#8243; medium_width=&#8220;0&#8243; mobile_width=&#8220;0&#8243; width=&#8220;1\/1&#8243; column_width_pixel=&#8220;900&#8243; uncode_shortcode_id=&#8220;189777&#8243;][vc_custom_heading text_size=&#8220;fontsize-155944&#8243; uncode_shortcode_id=&#8220;112535&#8243;]<strong>Nachhaltige Bewirtschaftung der Wasserressourcen<\/strong>[\/vc_custom_heading][vc_column_text text_lead=&#8220;yes&#8220; uncode_shortcode_id=&#8220;114671&#8243;]<\/p>\n<p class=\"p1\"><strong>Verdunstungsreduzierung und Anti-Algen-Perlen &#8211; kosteneffektive L\u00f6sungen zur Wassereinsparung<\/strong><\/p>\n<p>[\/vc_column_text][\/vc_column][\/vc_row][vc_row unlock_row_content=&#8220;yes&#8220; row_height_percent=&#8220;0&#8243; override_padding=&#8220;yes&#8220; h_padding=&#8220;0&#8243; top_padding=&#8220;0&#8243; bottom_padding=&#8220;0&#8243; overlay_alpha=&#8220;50&#8243; equal_height=&#8220;yes&#8220; gutter_size=&#8220;0&#8243; column_width_percent=&#8220;100&#8243; shift_y=&#8220;0&#8243; z_index=&#8220;0&#8243; el_class=&#8220;inverted-device-order&#8220;][vc_column column_width_percent=&#8220;100&#8243; align_horizontal=&#8220;align_center&#8220; gutter_size=&#8220;3&#8243; override_padding=&#8220;yes&#8220; column_padding=&#8220;5&#8243; overlay_alpha=&#8220;50&#8243; shift_x=&#8220;0&#8243; shift_y=&#8220;0&#8243; shift_y_down=&#8220;0&#8243; z_index=&#8220;0&#8243; medium_width=&#8220;0&#8243; mobile_width=&#8220;0&#8243; width=&#8220;1\/2&#8243;][vc_column_text uncode_shortcode_id=&#8220;137880&#8243;]<\/p>\n<h2 style=\"text-align: left;\"><strong>Anti-Algen-Perlen &#8211; eine nat\u00fcrliche L\u00f6sung f\u00fcr saubere Gew\u00e4sser<\/strong><\/h2>\n<p style=\"text-align: left;\">Die Bek\u00e4mpfung des Algenwachstums in Gew\u00e4ssern kann schwierig sein, aber Anti-Algen-Perlen bieten eine effektive L\u00f6sung f\u00fcr das Problem. Die schwarzen Anti-Algen-Perlen hemmen effektiv das Algenwachstum und halten das Wasser klar. Durch ihren Einsatz k\u00f6nnen Gew\u00e4sser wie Schwimmb\u00e4der und Stauseen in hervorragendem Zustand gehalten werden, wodurch die Kosten minimiert werden und ein \u00e4sthetisch ansprechendes Erscheinungsbild erhalten bleibt.<\/p>\n<p>[\/vc_column_text][\/vc_column][vc_column column_width_percent=&#8220;100&#8243; gutter_size=&#8220;3&#8243; overlay_alpha=&#8220;50&#8243; shift_x=&#8220;0&#8243; shift_y=&#8220;0&#8243; shift_y_down=&#8220;0&#8243; z_index=&#8220;0&#8243; medium_width=&#8220;0&#8243; mobile_width=&#8220;0&#8243; css_animation=&#8220;right-t-left&#8220; animation_speed=&#8220;700&#8243; animation_delay=&#8220;200&#8243; width=&#8220;1\/2&#8243; mobile_height=&#8220;340&#8243; uncode_shortcode_id=&#8220;481814&#8243;][vc_gallery el_id=&#8220;gallery-155708&#8243; medias=&#8220;119613&#8243; gutter_size=&#8220;3&#8243; screen_lg=&#8220;1000&#8243; screen_md=&#8220;600&#8243; screen_sm=&#8220;480&#8243; single_width=&#8220;8&#8243; single_overlay_opacity=&#8220;50&#8243; single_padding=&#8220;2&#8243; uncode_shortcode_id=&#8220;332378&#8243;][\/vc_column][\/vc_row][vc_row row_height_percent=&#8220;0&#8243; override_padding=&#8220;yes&#8220; h_padding=&#8220;2&#8243; top_padding=&#8220;2&#8243; bottom_padding=&#8220;2&#8243; overlay_alpha=&#8220;100&#8243; gutter_size=&#8220;3&#8243; column_width_percent=&#8220;100&#8243; shift_y=&#8220;0&#8243; z_index=&#8220;0&#8243; row_height_use_pixel=&#8220;&#8220; uncode_shortcode_id=&#8220;800730&#8243;][vc_column column_width_use_pixel=&#8220;yes&#8220; gutter_size=&#8220;3&#8243; overlay_alpha=&#8220;50&#8243; shift_x=&#8220;0&#8243; shift_y=&#8220;0&#8243; medium_width=&#8220;0&#8243; zoom_width=&#8220;0&#8243; zoom_height=&#8220;0&#8243; column_width_pixel=&#8220;800&#8243;][vc_column_text uncode_shortcode_id=&#8220;124799&#8243;]<\/p>\n<div class=\"elementor-element elementor-element-ee07286 elementor-widget elementor-widget-heading is-mac\" data-id=\"ee07286\" data-element_type=\"widget\" data-widget_type=\"heading.default\">\n<div class=\"elementor-widget-container\">\n<h2 style=\"text-align: center;\"><strong>Innovative L\u00f6sungen f\u00fcr nachhaltiges Wassermanagement<\/strong><\/h2>\n<\/div>\n<\/div>\n<div class=\"elementor-element elementor-element-ee3d48c elementor-widget elementor-widget-text-editor is-mac\" data-id=\"ee3d48c\" data-element_type=\"widget\" data-widget_type=\"text-editor.default\">\n<div class=\"elementor-widget-container\">\n<div class=\"elementor-text-editor elementor-clearfix\">\n<p style=\"text-align: center;\" align=\"justify\">Verdunstungsreduzierung und Anti-Algen-Perlen sind ein innovativer Ansatz f\u00fcr nachhaltiges Wassermanagement. Diese fortschrittlichen Technologien sind umweltfreundlich und effektiv, erm\u00f6glichen Wassereinsparungen und minimieren den Bedarf an Chemikalien. Sie erm\u00f6glichen es, saubere und gesunde Gew\u00e4sser zu erhalten, egal ob sie f\u00fcr Erholungszwecke oder f\u00fcr industrielle Zwecke genutzt werden. Die Einf\u00fchrung dieser L\u00f6sungen bringt nicht nur Vorteile f\u00fcr die Umwelt mit sich, sondern tr\u00e4gt auch dazu bei, die Kosten f\u00fcr die Instandhaltung und den Unterhalt der Gew\u00e4sser zu senken.<\/p>\n<\/div>\n<\/div>\n<\/div>\n<p>[\/vc_column_text][vc_column_text text_lead=&#8220;yes&#8220; uncode_shortcode_id=&#8220;208926&#8243;]<\/p>\n<h2 style=\"text-align: center;\"><strong>Einfache Installation und leichte Wartung<\/strong><\/h2>\n<p style=\"text-align: center;\">Die Installation von Verdunstungsreduktionskugeln und Antiglonkugeln ist einfach und erfordert keine spezielle Ausr\u00fcstung. Legen Sie die Kugeln einfach auf die Wasseroberfl\u00e4che und schon nach kurzer Zeit k\u00f6nnen sie ihre Wirkung entfalten. Dar\u00fcber hinaus ist die Pflege dieser B\u00e4lle einfach und erfordert keine komplizierten Schritte. Es ist ausreichend, den Zustand der Kugeln regelm\u00e4\u00dfig zu \u00fcberpr\u00fcfen und sie gegebenenfalls von Ablagerungen oder Schmutz zu befreien. So k\u00f6nnen Sie die Vorteile genie\u00dfen, ohne zu viel Zeit und M\u00fche aufwenden zu m\u00fcssen, um sie in perfektem Zustand zu halten.<\/p>\n<p>[\/vc_column_text][\/vc_column][\/vc_row]<\/p>\n<\/div>","protected":false},"excerpt":{"rendered":"<p>[vc_row row_height_percent=&#8220;40&#8243; back_color=&#8220;color-wayh&#8220; back_image=&#8220;118203&#8243; parallax=&#8220;yes&#8220; overlay_color=&#8220;color-wayh&#8220; overlay_alpha=&#8220;50&#8243; gutter_size=&#8220;3&#8243; column_width_percent=&#8220;100&#8243; shift_y=&#8220;0&#8243; z_index=&#8220;0&#8243; uncode_shortcode_id=&#8220;372430&#8243; back_color_type=&#8220;uncode-palette&#8220; overlay_color_type=&#8220;uncode-palette&#8220;][vc_column column_width_percent=&#8220;100&#8243; gutter_size=&#8220;3&#8243; overlay_alpha=&#8220;50&#8243; shift_x=&#8220;0&#8243; shift_y=&#8220;0&#8243; shift_y_down=&#8220;0&#8243; [&hellip;]<\/p>\n","protected":false},"author":2,"featured_media":0,"parent":0,"menu_order":0,"comment_status":"closed","ping_status":"closed","template":"","meta":{"footnotes":""},"class_list":["post-120566","page","type-page","status-publish","hentry","page_category-everplast-live-de"],"jetpack_sharing_enabled":true,"_links":{"self":[{"href":"https:\/\/everplast.pl\/de\/wp-json\/wp\/v2\/pages\/120566","targetHints":{"allow":["GET"]}}],"collection":[{"href":"https:\/\/everplast.pl\/de\/wp-json\/wp\/v2\/pages"}],"about":[{"href":"https:\/\/everplast.pl\/de\/wp-json\/wp\/v2\/types\/page"}],"author":[{"embeddable":true,"href":"https:\/\/everplast.pl\/de\/wp-json\/wp\/v2\/users\/2"}],"replies":[{"embeddable":true,"href":"https:\/\/everplast.pl\/de\/wp-json\/wp\/v2\/comments?post=120566"}],"version-history":[{"count":2,"href":"https:\/\/everplast.pl\/de\/wp-json\/wp\/v2\/pages\/120566\/revisions"}],"predecessor-version":[{"id":120612,"href":"https:\/\/everplast.pl\/de\/wp-json\/wp\/v2\/pages\/120566\/revisions\/120612"}],"wp:attachment":[{"href":"https:\/\/everplast.pl\/de\/wp-json\/wp\/v2\/media?parent=120566"}],"curies":[{"name":"wp","href":"https:\/\/api.w.org\/{rel}","templated":true}]}}