{"id":120536,"date":"2023-05-05T10:56:28","date_gmt":"2023-05-05T08:56:28","guid":{"rendered":"https:\/\/everplast.pl\/?page_id=120536"},"modified":"2025-08-05T22:09:03","modified_gmt":"2025-08-05T20:09:03","slug":"leistungen","status":"publish","type":"page","link":"https:\/\/everplast.pl\/de\/leistungen\/","title":{"rendered":"Leistungen"},"content":{"rendered":"<div class=\"wpb-content-wrapper\"><p>[vc_row row_height_percent=&#8220;60&#8243; back_image=&#8220;120578&#8243; parallax=&#8220;yes&#8220; overlay_color=&#8220;color-nhtu&#8220; overlay_alpha=&#8220;25&#8243; gutter_size=&#8220;4&#8243; column_width_percent=&#8220;100&#8243; shift_y=&#8220;2&#8243; z_index=&#8220;0&#8243; content_parallax=&#8220;0&#8243; uncode_shortcode_id=&#8220;814547&#8243; overlay_color_type=&#8220;uncode-palette&#8220;][vc_column column_width_percent=&#8220;100&#8243; gutter_size=&#8220;3&#8243; overlay_alpha=&#8220;50&#8243; shift_x=&#8220;0&#8243; shift_y=&#8220;0&#8243; shift_y_down=&#8220;0&#8243; z_index=&#8220;0&#8243; medium_width=&#8220;0&#8243; mobile_width=&#8220;0&#8243; width=&#8220;1\/1&#8243; mobile_height=&#8220;340&#8243;][\/vc_column][\/vc_row][vc_row row_height_percent=&#8220;0&#8243; override_padding=&#8220;yes&#8220; h_padding=&#8220;2&#8243; top_padding=&#8220;2&#8243; bottom_padding=&#8220;3&#8243; overlay_alpha=&#8220;50&#8243; gutter_size=&#8220;3&#8243; column_width_percent=&#8220;100&#8243; shift_y=&#8220;0&#8243; z_index=&#8220;0&#8243; uncode_shortcode_id=&#8220;143333&#8243; css=&#8220;.vc_custom_1683564834852{margin-bottom: -100px !important;}&#8220;][vc_column column_width_percent=&#8220;100&#8243; gutter_size=&#8220;3&#8243; override_padding=&#8220;yes&#8220; column_padding=&#8220;3&#8243; back_color=&#8220;color-xsdn&#8220; overlay_alpha=&#8220;50&#8243; shift_x=&#8220;0&#8243; shift_y=&#8220;-5&#8243; shift_y_fixed=&#8220;yes&#8220; shift_y_down=&#8220;0&#8243; z_index=&#8220;0&#8243; medium_width=&#8220;0&#8243; mobile_width=&#8220;0&#8243; width=&#8220;1\/1&#8243;][vc_row_inner row_inner_height_percent=&#8220;0&#8243; overlay_alpha=&#8220;50&#8243; equal_height=&#8220;yes&#8220; gutter_size=&#8220;0&#8243; shift_y=&#8220;0&#8243; limit_content=&#8220;&#8220;][vc_column_inner column_width_percent=&#8220;100&#8243; position_vertical=&#8220;middle&#8220; align_horizontal=&#8220;align_right&#8220; gutter_size=&#8220;3&#8243; override_padding=&#8220;yes&#8220; column_padding=&#8220;2&#8243; overlay_alpha=&#8220;50&#8243; border_color=&#8220;color-gyho&#8220; border_style=&#8220;solid&#8220; shift_x=&#8220;0&#8243; shift_y=&#8220;0&#8243; shift_y_down=&#8220;0&#8243; z_index=&#8220;0&#8243; medium_width=&#8220;2&#8243; align_mobile=&#8220;align_center_mobile&#8220; mobile_width=&#8220;0&#8243; width=&#8220;3\/12&#8243; css=&#8220;.vc_custom_1495102345881{border-right-width: 1px !important;}&#8220;][vc_custom_heading text_color=&#8220;accent&#8220; heading_semantic=&#8220;h6&#8243; text_size=&#8220;h5&#8243; text_transform=&#8220;uppercase&#8220; text_space=&#8220;fontspace-135905&#8243; uncode_shortcode_id=&#8220;161573&#8243; text_color_type=&#8220;uncode-palette&#8220;]Leistungen[\/vc_custom_heading][\/vc_column_inner][vc_column_inner column_width_percent=&#8220;100&#8243; position_vertical=&#8220;middle&#8220; align_horizontal=&#8220;align_center&#8220; gutter_size=&#8220;3&#8243; override_padding=&#8220;yes&#8220; column_padding=&#8220;2&#8243; overlay_alpha=&#8220;50&#8243; shift_x=&#8220;0&#8243; shift_y=&#8220;0&#8243; shift_y_down=&#8220;0&#8243; z_index=&#8220;0&#8243; medium_width=&#8220;6&#8243; mobile_width=&#8220;2&#8243; width=&#8220;9\/12&#8243; uncode_shortcode_id=&#8220;312693&#8243;][vc_custom_heading heading_semantic=&#8220;h3&#8243; text_size=&#8220;fontsize-155944&#8243; uncode_shortcode_id=&#8220;356927&#8243;]<\/p>\n<h1 style=\"box-sizing: border-box; color: #303133; margin-top: 0px !important; display: block; font-size: 35px; letter-spacing: 0.00em; font-weight: 600; font-family: Inter; line-height: 1.2; text-align: left;\">Produktionskapazit\u00e4ten von Everplast \u2013 Kunststoffverarbeitung<\/h1>\n<p>[\/vc_custom_heading][\/vc_column_inner][\/vc_row_inner][\/vc_column][\/vc_row][vc_row row_height_percent=&#8220;0&#8243; overlay_alpha=&#8220;50&#8243; gutter_size=&#8220;3&#8243; column_width_percent=&#8220;100&#8243; shift_y=&#8220;0&#8243; z_index=&#8220;0&#8243; uncode_shortcode_id=&#8220;886934&#8243; css=&#8220;.vc_custom_1683564848051{margin-top: -100px !important;}&#8220;][vc_column width=&#8220;1\/1&#8243;][vc_column_text uncode_shortcode_id=&#8220;144573&#8243;]Die kleinsten Details ergeben ein stimmiges Ganzes. Aus diesem Grund widmen wir im Rahmen unserer Unternehmenst\u00e4tigkeit den kleinsten Details der von uns durchgef\u00fchrten Projekte gr\u00f6\u00dfte Aufmerksamkeit. Unsere Zuverl\u00e4ssigkeit im Betrieb sowie unsere enorme Produktionskapazit\u00e4t zeichnen uns aus. Dies ist der Erfahrung unseres Teams und den modernen Maschinen zu verdanken, mit denen wir Flaschen, Kanister und zahlreiche weitere Formen (Bojen, Pusher, Gie\u00dfkannen und andere) herstellen. Im Rahmen der Aktivit\u00e4ten von Everplast stellen wir auch Kunststoffb\u00e4lle f\u00fcr Trockenbecken her.[\/vc_column_text][\/vc_column][\/vc_row][vc_row row_height_percent=&#8220;50&#8243; override_padding=&#8220;yes&#8220; h_padding=&#8220;2&#8243; top_padding=&#8220;5&#8243; bottom_padding=&#8220;2&#8243; overlay_alpha=&#8220;50&#8243; gutter_size=&#8220;4&#8243; column_width_percent=&#8220;100&#8243; shift_y=&#8220;0&#8243; z_index=&#8220;0&#8243; el_class=&#8220;inverted-device-order&#8220; uncode_shortcode_id=&#8220;715484&#8243; css=&#8220;.vc_custom_1683564882519{margin-top: -100px !important;}&#8220;][vc_column column_width_use_pixel=&#8220;yes&#8220; position_vertical=&#8220;middle&#8220; gutter_size=&#8220;3&#8243; overlay_alpha=&#8220;50&#8243; shift_x=&#8220;0&#8243; shift_y=&#8220;0&#8243; shift_y_down=&#8220;0&#8243; z_index=&#8220;0&#8243; medium_width=&#8220;0&#8243; mobile_width=&#8220;0&#8243; width=&#8220;1\/2&#8243; column_width_pixel=&#8220;900&#8243;][vc_custom_heading text_color=&#8220;accent&#8220; heading_semantic=&#8220;h6&#8243; text_size=&#8220;h5&#8243; text_transform=&#8220;uppercase&#8220; text_space=&#8220;fontspace-135905&#8243; uncode_shortcode_id=&#8220;126915&#8243; text_color_type=&#8220;uncode-palette&#8220;]Details[\/vc_custom_heading][vc_custom_heading heading_semantic=&#8220;h3&#8243; text_size=&#8220;fontsize-155944&#8243; subheading=&#8220;Wir sind nicht an die Form gebunden, sondern k\u00f6nnen jedes vom Kunden in Auftrag gegebene Projekt realisieren. Wir stellen sicher, dass jedes Element mit h\u00f6chster Pr\u00e4zision hergestellt wird. Wir betrachten jede uns \u00fcbertragene Aufgabe als Herausforderung, die es uns erm\u00f6glicht, unsere Qualifikationen zu verbessern. Das am Projekt beteiligte Team verf\u00fcgt \u00fcber langj\u00e4hrige Erfahrung in der Herstellung von Kunststoffteilen sowie umfassende Kenntnisse auf diesem Gebiet. Deshalb lohnt es sich, Everplast mit der Herstellung verschiedener Kunststoffkomponenten zu betrauen.&#8220; uncode_shortcode_id=&#8220;193168&#8243;]<\/p>\n<h2>Wir fertigen kleinste Details aus Kunststoff<\/h2>\n<p>[\/vc_custom_heading][\/vc_column][vc_column column_width_percent=&#8220;100&#8243; gutter_size=&#8220;3&#8243; overlay_alpha=&#8220;50&#8243; shift_x=&#8220;0&#8243; shift_y=&#8220;0&#8243; shift_y_down=&#8220;0&#8243; z_index=&#8220;0&#8243; medium_width=&#8220;0&#8243; mobile_width=&#8220;0&#8243; css_animation=&#8220;right-t-left&#8220; animation_speed=&#8220;700&#8243; animation_delay=&#8220;200&#8243; width=&#8220;1\/2&#8243; uncode_shortcode_id=&#8220;209284&#8243;][vc_single_image media=&#8220;120448&#8243; media_width_percent=&#8220;100&#8243; media_ratio=&#8220;four-three&#8220; uncode_shortcode_id=&#8220;206337&#8243;][\/vc_column][\/vc_row][vc_row row_height_percent=&#8220;50&#8243; override_padding=&#8220;yes&#8220; h_padding=&#8220;2&#8243; top_padding=&#8220;2&#8243; bottom_padding=&#8220;5&#8243; overlay_alpha=&#8220;50&#8243; gutter_size=&#8220;4&#8243; column_width_percent=&#8220;100&#8243; shift_y=&#8220;0&#8243; z_index=&#8220;0&#8243;][vc_column column_width_percent=&#8220;100&#8243; gutter_size=&#8220;3&#8243; overlay_alpha=&#8220;50&#8243; shift_x=&#8220;0&#8243; shift_y=&#8220;0&#8243; shift_y_down=&#8220;0&#8243; z_index=&#8220;0&#8243; medium_width=&#8220;0&#8243; mobile_width=&#8220;0&#8243; css_animation=&#8220;left-t-right&#8220; animation_speed=&#8220;700&#8243; animation_delay=&#8220;200&#8243; width=&#8220;1\/2&#8243; uncode_shortcode_id=&#8220;291542&#8243;][vc_single_image media=&#8220;119825&#8243; media_width_percent=&#8220;100&#8243; media_ratio=&#8220;four-three&#8220; uncode_shortcode_id=&#8220;716489&#8243;][\/vc_column][vc_column column_width_use_pixel=&#8220;yes&#8220; position_vertical=&#8220;middle&#8220; gutter_size=&#8220;3&#8243; overlay_alpha=&#8220;50&#8243; shift_x=&#8220;0&#8243; shift_y=&#8220;0&#8243; shift_y_down=&#8220;0&#8243; z_index=&#8220;0&#8243; medium_width=&#8220;0&#8243; mobile_width=&#8220;0&#8243; width=&#8220;1\/2&#8243; column_width_pixel=&#8220;900&#8243;][vc_custom_heading text_color=&#8220;accent&#8220; heading_semantic=&#8220;h6&#8243; text_size=&#8220;h5&#8243; text_transform=&#8220;uppercase&#8220; text_space=&#8220;fontspace-135905&#8243; uncode_shortcode_id=&#8220;139862&#8243; text_color_type=&#8220;uncode-palette&#8220;]MODERNE MASCHINEN[\/vc_custom_heading][vc_custom_heading heading_semantic=&#8220;h3&#8243; text_size=&#8220;fontsize-155944&#8243; subheading=&#8220;Zur Produktion nutzen wir moderne Anlagen wie Flaschenextruder und Spritzgussmaschinen. Sie funktionieren durch Blasen und Einspritzen des Materials, sodass das Endprodukt eine bestimmte Form erh\u00e4lt. Dank dieser Methode ist es m\u00f6glich, Kunststoffprodukte herzustellen, bei denen auf jedes kleinste Detail geachtet wurde.&#8220; uncode_shortcode_id=&#8220;149902&#8243;]<\/p>\n<h2>Moderne Maschinen zur Herstellung von Kunststoffteilen<\/h2>\n<p>[\/vc_custom_heading][\/vc_column][\/vc_row][vc_row row_height_percent=&#8220;50&#8243; override_padding=&#8220;yes&#8220; h_padding=&#8220;2&#8243; top_padding=&#8220;5&#8243; bottom_padding=&#8220;2&#8243; overlay_alpha=&#8220;50&#8243; gutter_size=&#8220;4&#8243; column_width_percent=&#8220;100&#8243; shift_y=&#8220;0&#8243; z_index=&#8220;0&#8243; el_class=&#8220;inverted-device-order&#8220; uncode_shortcode_id=&#8220;715484&#8243; css=&#8220;.vc_custom_1683564882519{margin-top: -100px !important;}&#8220;][vc_column column_width_use_pixel=&#8220;yes&#8220; position_vertical=&#8220;middle&#8220; gutter_size=&#8220;3&#8243; overlay_alpha=&#8220;50&#8243; shift_x=&#8220;0&#8243; shift_y=&#8220;0&#8243; shift_y_down=&#8220;0&#8243; z_index=&#8220;0&#8243; medium_width=&#8220;0&#8243; mobile_width=&#8220;0&#8243; width=&#8220;1\/2&#8243; column_width_pixel=&#8220;900&#8243;][vc_custom_heading text_color=&#8220;accent&#8220; heading_semantic=&#8220;h6&#8243; text_size=&#8220;h5&#8243; text_transform=&#8220;uppercase&#8220; text_space=&#8220;fontspace-135905&#8243; uncode_shortcode_id=&#8220;167928&#8243; text_color_type=&#8220;uncode-palette&#8220;]Tampondruck[\/vc_custom_heading][vc_custom_heading heading_semantic=&#8220;h3&#8243; text_size=&#8220;fontsize-155944&#8243; subheading=&#8220;Unser Unternehmen bietet Tampondruckdienste f\u00fcr Unternehmen an, die nach einer effektiven und pr\u00e4zisen Methode zum Bedrucken ihrer Produkte suchen. Dank unserer Erfahrung und Fachkenntnisse sind wir in der Lage, den Tampondruck auf verschiedenen Oberfl\u00e4chen, auch auf gew\u00f6lbten, durchzuf\u00fchren.<br \/>\nWir sind in der Lage, sowohl kleine als auch gro\u00dfe Auftr\u00e4ge abzuwickeln, was uns flexibel und anpassungsf\u00e4hig an die Bed\u00fcrfnisse unserer Kunden macht. Vertrauen Sie uns und steigern Sie die Wirksamkeit Ihrer Werbekampagne mit Produkten, die sich auf dem Markt abheben.&#8220; uncode_shortcode_id=&#8220;992385&#8243; text_color_type=&#8220;uncode-palette&#8220; text_color_solid=&#8220;#ff0000&#8243;]<\/p>\n<h2>Wir personalisieren Ihre Bestellungen<\/h2>\n<p>[\/vc_custom_heading][\/vc_column][vc_column column_width_percent=&#8220;100&#8243; gutter_size=&#8220;3&#8243; overlay_alpha=&#8220;50&#8243; shift_x=&#8220;0&#8243; shift_y=&#8220;0&#8243; shift_y_down=&#8220;0&#8243; z_index=&#8220;0&#8243; medium_width=&#8220;0&#8243; mobile_width=&#8220;0&#8243; css_animation=&#8220;right-t-left&#8220; animation_speed=&#8220;700&#8243; animation_delay=&#8220;200&#8243; width=&#8220;1\/2&#8243; uncode_shortcode_id=&#8220;212379&#8243;][vc_single_image media=&#8220;118187&#8243; media_width_percent=&#8220;100&#8243; media_ratio=&#8220;four-three&#8220; alignment=&#8220;center&#8220; uncode_shortcode_id=&#8220;132185&#8243;][\/vc_column][\/vc_row][vc_row][vc_column width=&#8220;1\/1&#8243;][vc_empty_space empty_h=&#8220;2&#8243;][\/vc_column][\/vc_row][vc_row row_height_percent=&#8220;0&#8243; override_padding=&#8220;yes&#8220; h_padding=&#8220;2&#8243; top_padding=&#8220;5&#8243; bottom_padding=&#8220;2&#8243; overlay_alpha=&#8220;50&#8243; equal_height=&#8220;yes&#8220; gutter_size=&#8220;4&#8243; column_width_percent=&#8220;100&#8243; shift_y=&#8220;0&#8243; z_index=&#8220;0&#8243; uncode_shortcode_id=&#8220;864100&#8243; css=&#8220;.vc_custom_1683565165934{margin-top: -200px !important;}&#8220;][vc_column column_width_use_pixel=&#8220;yes&#8220; position_vertical=&#8220;middle&#8220; align_horizontal=&#8220;align_center&#8220; gutter_size=&#8220;2&#8243; overlay_alpha=&#8220;50&#8243; shift_x=&#8220;0&#8243; shift_y=&#8220;0&#8243; shift_y_down=&#8220;0&#8243; z_index=&#8220;0&#8243; medium_width=&#8220;0&#8243; mobile_width=&#8220;0&#8243; width=&#8220;1\/1&#8243; column_width_pixel=&#8220;900&#8243;][vc_empty_space empty_h=&#8220;2&#8243;][vc_custom_heading heading_semantic=&#8220;h3&#8243; text_size=&#8220;fontsize-155944&#8243; uncode_shortcode_id=&#8220;384746&#8243;]<\/p>\n<h2>Was k\u00f6nnen wir im Rahmen der Aktivit\u00e4ten von Everplast tun?<\/h2>\n<p>[\/vc_custom_heading][vc_column_text text_lead=&#8220;yes&#8220; uncode_shortcode_id=&#8220;172886&#8243;]<\/p>\n<p style=\"text-align: center;\">Hierzu z\u00e4hlen unter anderem Plastikspielzeug f\u00fcr Kinder, die bereits erw\u00e4hnten B\u00e4lle f\u00fcr Trockenbecken, Flaschen, Kanister, Gie\u00dfkannen, Wasserflaschen, Ringe, Dr\u00fccker, Verschl\u00fcsse, Deckel, Kappen, Korken, Kappen und viele weitere Produkte mehr. Wie Sie sehen, verf\u00fcgen wir \u00fcber unbegrenzte Produktionskapazit\u00e4ten und sind in der Lage, jedes Projekt abzuschlie\u00dfen, das ein Kunde bei uns in Auftrag gibt. Bei der Herstellung bestimmter Produkte achten wir auf jedes Detail und stellen sicher, dass Sie mit unseren Dienstleistungen zufrieden sind. Wir laden Sie ein, mit uns \u2013 dem erfahrenen Team von Everplast \u2013 zusammenzuarbeiten.<\/p>\n<p>[\/vc_column_text][\/vc_column][\/vc_row][vc_row row_height_percent=&#8220;0&#8243; override_padding=&#8220;yes&#8220; h_padding=&#8220;2&#8243; top_padding=&#8220;2&#8243; bottom_padding=&#8220;5&#8243; overlay_alpha=&#8220;50&#8243; equal_height=&#8220;yes&#8220; gutter_size=&#8220;3&#8243; column_width_percent=&#8220;100&#8243; shift_y=&#8220;0&#8243; z_index=&#8220;0&#8243; el_class=&#8220;inverted-device-order&#8220;][vc_column column_width_percent=&#8220;100&#8243; position_vertical=&#8220;bottom&#8220; align_horizontal=&#8220;align_center&#8220; gutter_size=&#8220;2&#8243; override_padding=&#8220;yes&#8220; column_padding=&#8220;3&#8243; back_image=&#8220;120588&#8243; back_repeat=&#8220;no-repeat&#8220; overlay_alpha=&#8220;50&#8243; radius=&#8220;std&#8220; shift_x=&#8220;0&#8243; shift_y=&#8220;0&#8243; shift_y_down=&#8220;0&#8243; z_index=&#8220;0&#8243; medium_width=&#8220;0&#8243; mobile_width=&#8220;0&#8243; width=&#8220;1\/3&#8243; uncode_shortcode_id=&#8220;218129&#8243;][vc_custom_heading heading_semantic=&#8220;h3&#8243; sub_reduced=&#8220;yes&#8220; uncode_shortcode_id=&#8220;203731&#8243; text_color_type=&#8220;uncode-solid&#8220; text_color_solid=&#8220;#ffffff&#8220;]B\u00e4lle f\u00fcr ein trockenes Schwimmbecken[\/vc_custom_heading][vc_button button_color=&#8220;accent&#8220; radius=&#8220;btn-round&#8220; border_width=&#8220;0&#8243; link=&#8220;url:%2Fkulki-do-suchych-basenow%2F|title:Kulki%20do%20suchego%20basenu|target:_blank&#8220; button_color_type=&#8220;uncode-palette&#8220; uncode_shortcode_id=&#8220;281463&#8243;]\u00dcberpr\u00fcfen[\/vc_button][\/vc_column][vc_column column_width_percent=&#8220;100&#8243; position_vertical=&#8220;middle&#8220; align_horizontal=&#8220;align_center&#8220; gutter_size=&#8220;2&#8243; override_padding=&#8220;yes&#8220; column_padding=&#8220;3&#8243; back_color=&#8220;color-wvjs&#8220; back_image=&#8220;120592&#8243; overlay_color=&#8220;color-prif&#8220; overlay_alpha=&#8220;80&#8243; radius=&#8220;std&#8220; shift_x=&#8220;0&#8243; shift_y=&#8220;0&#8243; shift_y_down=&#8220;0&#8243; z_index=&#8220;0&#8243; medium_width=&#8220;0&#8243; mobile_width=&#8220;0&#8243; width=&#8220;1\/3&#8243; uncode_shortcode_id=&#8220;348541&#8243; back_color_type=&#8220;uncode-palette&#8220; overlay_color_type=&#8220;uncode-palette&#8220;][vc_custom_heading heading_semantic=&#8220;h3&#8243; sub_reduced=&#8220;yes&#8220; uncode_shortcode_id=&#8220;185978&#8243; text_color_type=&#8220;uncode-solid&#8220; text_color_solid=&#8220;#ffffff&#8220;]Blasformproduktion[\/vc_custom_heading][vc_button button_color=&#8220;accent&#8220; radius=&#8220;btn-round&#8220; border_width=&#8220;0&#8243; link=&#8220;url:https%3A%2F%2Feverplast.pl%2Fde%2Fherstellung-von-blasformwerkzeugen%2F|title:Produkcja%20metod%C4%85%20rozdmuchu|target:_blank&#8220; button_color_type=&#8220;uncode-palette&#8220; uncode_shortcode_id=&#8220;565234&#8243;]\u00dcberpr\u00fcfen[\/vc_button][\/vc_column][vc_column column_width_percent=&#8220;100&#8243; position_vertical=&#8220;middle&#8220; align_horizontal=&#8220;align_center&#8220; gutter_size=&#8220;2&#8243; override_padding=&#8220;yes&#8220; column_padding=&#8220;3&#8243; back_image=&#8220;119613&#8243; overlay_color=&#8220;color-prif&#8220; overlay_alpha=&#8220;80&#8243; radius=&#8220;std&#8220; shift_x=&#8220;0&#8243; shift_y=&#8220;0&#8243; shift_y_down=&#8220;0&#8243; z_index=&#8220;0&#8243; medium_width=&#8220;0&#8243; mobile_width=&#8220;0&#8243; width=&#8220;1\/3&#8243; uncode_shortcode_id=&#8220;319737&#8243; overlay_color_type=&#8220;uncode-palette&#8220;][vc_custom_heading heading_semantic=&#8220;h3&#8243; sub_reduced=&#8220;yes&#8220; uncode_shortcode_id=&#8220;589829&#8243; text_color_type=&#8220;uncode-solid&#8220; text_color_solid=&#8220;#ffffff&#8220;]Kugeln f\u00fcr R\u00fcckhaltebecken[\/vc_custom_heading][vc_button button_color=&#8220;accent&#8220; radius=&#8220;btn-round&#8220; border_width=&#8220;0&#8243; link=&#8220;url:https%3A%2F%2Feverplast.pl%2Fkulki-do-zbiornikow-retencyjnych%2F|title:Produkcja%20metod%C4%85%20rozdmuchu|target:_blank&#8220; button_color_type=&#8220;uncode-palette&#8220; uncode_shortcode_id=&#8220;788539&#8243;]\u00dcberpr\u00fcfen[\/vc_button][\/vc_column][\/vc_row]<\/p>\n<\/div>","protected":false},"excerpt":{"rendered":"<p>[vc_row row_height_percent=&#8220;60&#8243; back_image=&#8220;120578&#8243; parallax=&#8220;yes&#8220; overlay_color=&#8220;color-nhtu&#8220; overlay_alpha=&#8220;25&#8243; gutter_size=&#8220;4&#8243; column_width_percent=&#8220;100&#8243; shift_y=&#8220;2&#8243; z_index=&#8220;0&#8243; content_parallax=&#8220;0&#8243; uncode_shortcode_id=&#8220;814547&#8243; overlay_color_type=&#8220;uncode-palette&#8220;][vc_column column_width_percent=&#8220;100&#8243; gutter_size=&#8220;3&#8243; overlay_alpha=&#8220;50&#8243; shift_x=&#8220;0&#8243; shift_y=&#8220;0&#8243; shift_y_down=&#8220;0&#8243; z_index=&#8220;0&#8243; [&hellip;]<\/p>\n","protected":false},"author":6,"featured_media":0,"parent":0,"menu_order":0,"comment_status":"closed","ping_status":"closed","template":"","meta":{"footnotes":""},"class_list":["post-120536","page","type-page","status-publish","hentry"],"jetpack_sharing_enabled":true,"_links":{"self":[{"href":"https:\/\/everplast.pl\/de\/wp-json\/wp\/v2\/pages\/120536","targetHints":{"allow":["GET"]}}],"collection":[{"href":"https:\/\/everplast.pl\/de\/wp-json\/wp\/v2\/pages"}],"about":[{"href":"https:\/\/everplast.pl\/de\/wp-json\/wp\/v2\/types\/page"}],"author":[{"embeddable":true,"href":"https:\/\/everplast.pl\/de\/wp-json\/wp\/v2\/users\/6"}],"replies":[{"embeddable":true,"href":"https:\/\/everplast.pl\/de\/wp-json\/wp\/v2\/comments?post=120536"}],"version-history":[{"count":5,"href":"https:\/\/everplast.pl\/de\/wp-json\/wp\/v2\/pages\/120536\/revisions"}],"predecessor-version":[{"id":120591,"href":"https:\/\/everplast.pl\/de\/wp-json\/wp\/v2\/pages\/120536\/revisions\/120591"}],"wp:attachment":[{"href":"https:\/\/everplast.pl\/de\/wp-json\/wp\/v2\/media?parent=120536"}],"curies":[{"name":"wp","href":"https:\/\/api.w.org\/{rel}","templated":true}]}}