{"id":120533,"date":"2023-05-05T11:09:13","date_gmt":"2023-05-05T09:09:13","guid":{"rendered":"https:\/\/everplast.pl\/?page_id=120533"},"modified":"2025-12-29T16:58:36","modified_gmt":"2025-12-29T15:58:36","slug":"blog","status":"publish","type":"page","link":"https:\/\/everplast.pl\/de\/blog\/","title":{"rendered":"Blog"},"content":{"rendered":"<div class=\"wpb-content-wrapper\"><p>[vc_row row_height_percent=&#8220;40&#8243; back_color=&#8220;accent&#8220; back_image=&#8220;118316&#8243; overlay_alpha=&#8220;90&#8243; equal_height=&#8220;yes&#8220; gutter_size=&#8220;1&#8243; column_width_use_pixel=&#8220;yes&#8220; shift_y=&#8220;0&#8243; z_index=&#8220;0&#8243; row_name=&#8220;Welcome&#8220; uncode_shortcode_id=&#8220;758193&#8243; back_color_type=&#8220;uncode-palette&#8220; overlay_color_type=&#8220;uncode-solid&#8220; overlay_color_solid=&#8220;#ffffff&#8220;][vc_column column_width_use_pixel=&#8220;yes&#8220; position_vertical=&#8220;middle&#8220; gutter_size=&#8220;3&#8243; style=&#8220;dark&#8220; overlay_alpha=&#8220;50&#8243; shift_x=&#8220;0&#8243; shift_y=&#8220;0&#8243; shift_y_down=&#8220;0&#8243; z_index=&#8220;0&#8243; medium_width=&#8220;0&#8243; mobile_width=&#8220;0&#8243; width=&#8220;1\/1&#8243; uncode_shortcode_id=&#8220;706285&#8243;][vc_custom_heading text_color=&#8220;color-prif&#8220; heading_semantic=&#8220;h1&#8243; text_size=&#8220;fontsize-155944&#8243; text_weight=&#8220;300&#8243; uncode_shortcode_id=&#8220;825094&#8243; text_color_type=&#8220;uncode-palette&#8220;]Everplast Wissenszone[\/vc_custom_heading][vc_custom_heading text_color=&#8220;color-prif&#8220; heading_semantic=&#8220;div&#8220; text_size=&#8220;h3&#8243; text_weight=&#8220;300&#8243; text_height=&#8220;fontheight-357766&#8243; css_animation=&#8220;alpha-anim&#8220; animation_speed=&#8220;700&#8243; uncode_shortcode_id=&#8220;187213&#8243; text_color_type=&#8220;uncode-palette&#8220;]Informieren Sie sich, welche Produkte Sie bei uns bestellen k\u00f6nnen, wie Sie ein B\u00e4llebad anlegen, welche B\u00e4lle Sie f\u00fcr das Becken ausw\u00e4hlen oder wie viele B\u00e4lle Sie zum Bef\u00fcllen Ihres Beckens ben\u00f6tigen.[\/vc_custom_heading][\/vc_column][\/vc_row][vc_row row_height_percent=&#8220;0&#8243; override_padding=&#8220;yes&#8220; h_padding=&#8220;3&#8243; top_padding=&#8220;3&#8243; bottom_padding=&#8220;3&#8243; overlay_alpha=&#8220;50&#8243; gutter_size=&#8220;2&#8243; column_width_percent=&#8220;100&#8243; shift_y=&#8220;0&#8243; z_index=&#8220;0&#8243; uncode_shortcode_id=&#8220;141253&#8243;][vc_column column_width_percent=&#8220;100&#8243; gutter_size=&#8220;4&#8243; overlay_alpha=&#8220;50&#8243; shift_x=&#8220;0&#8243; shift_y=&#8220;0&#8243; shift_y_down=&#8220;0&#8243; z_index=&#8220;0&#8243; align_medium=&#8220;align_center_tablet&#8220; medium_width=&#8220;0&#8243; align_mobile=&#8220;align_center_mobile&#8220; mobile_width=&#8220;0&#8243; width=&#8220;1\/1&#8243; uncode_shortcode_id=&#8220;166015&#8243;][vc_custom_heading separator_color=&#8220;yes&#8220; separator=&#8220;yes&#8220; uncode_shortcode_id=&#8220;364580&#8243;]Artikel[\/vc_custom_heading][uncode_index el_id=&#8220;index-581094100&#8243; isotope_mode=&#8220;packery&#8220; loop=&#8220;size:9|order_by:date|post_type:post|taxonomy_count:10&#8243; screen_lg=&#8220;1000&#8243; screen_md=&#8220;600&#8243; screen_sm=&#8220;480&#8243; gutter_size=&#8220;3&#8243; post_items=&#8220;media|featured|onpost|poster,date,title,text|excerpt|140&#8243; pagination=&#8220;yes&#8220; single_overlay_color=&#8220;color-wayh&#8220; single_overlay_opacity=&#8220;50&#8243; single_text_visible=&#8220;yes&#8220; single_text_anim=&#8220;no&#8220; single_padding=&#8220;2&#8243; single_title_dimension=&#8220;h5&#8243; single_border=&#8220;yes&#8220; single_css_animation=&#8220;bottom-t-top&#8220; single_animation_delay=&#8220;200&#8243; uncode_shortcode_id=&#8220;829940&#8243; items=&#8220;eyIyMDUyOF9pIjp7InNpbmdsZV90ZXh0IjoidW5kZXIifX0=&#8220;][\/vc_column][\/vc_row][vc_row row_height_percent=&#8220;0&#8243; overlay_alpha=&#8220;50&#8243; gutter_size=&#8220;3&#8243; column_width_percent=&#8220;100&#8243; shift_y=&#8220;0&#8243; z_index=&#8220;0&#8243; uncode_shortcode_id=&#8220;118781&#8243;][vc_column column_width_percent=&#8220;100&#8243; align_horizontal=&#8220;align_center&#8220; gutter_size=&#8220;3&#8243; overlay_alpha=&#8220;50&#8243; shift_x=&#8220;0&#8243; shift_y=&#8220;0&#8243; shift_y_down=&#8220;0&#8243; z_index=&#8220;0&#8243; medium_width=&#8220;0&#8243; mobile_width=&#8220;0&#8243; width=&#8220;1\/1&#8243; uncode_shortcode_id=&#8220;155709&#8243;][vc_custom_heading text_size=&#8220;&#8220; separator_color=&#8220;yes&#8220; separator=&#8220;yes&#8220; uncode_shortcode_id=&#8220;776633&#8243;]H\u00e4ufig gestellte Fragen &#8211; FAQ[\/vc_custom_heading][\/vc_column][\/vc_row][vc_row][vc_column width=&#8220;1\/1&#8243;][vc_accordion typography=&#8220;yes&#8220;][vc_accordion_tab gutter_size=&#8220;2&#8243; column_padding=&#8220;2&#8243; title=&#8220;Wie viele B\u00e4lle passen in ein 1 m x 1 m x 1 m gro\u00dfes Becken?&#8220; tab_id=&#8220;1684173492-1-621753112443461&#8243;][vc_column_text uncode_shortcode_id=&#8220;125704&#8243;]<\/p>\n<div class=\"elementor-accordion-item\">\n<div id=\"elementor-tab-content-2551\" class=\"elementor-tab-content elementor-clearfix elementor-active\" role=\"tabpanel\" data-tab=\"1\" aria-labelledby=\"elementor-tab-title-2551\">\n<p>Ein Becken mit einem Volumen von 1m\u00b3 fasst ca. 2.900 B\u00e4lle. Um die Anzahl der B\u00e4lle im Detail abzusch\u00e4tzen, nutzen Sie unseren\u00a0<a class=\"cursor-init\" href=\"https:\/\/everplast.pl\/de\/taschenrechner\/\">Rechner.<\/a><\/p>\n<\/div>\n<\/div>\n<p>[\/vc_column_text][\/vc_accordion_tab][vc_accordion_tab gutter_size=&#8220;2&#8243; column_padding=&#8220;2&#8243; title=&#8220;Sind bunte B\u00e4lle f\u00fcr Kinder sicher?&#8220; tab_id=&#8220;1684173492-2-961753112443461&#8243;][vc_column_text uncode_shortcode_id=&#8220;765693&#8243;]Selbstverst\u00e4ndlich bestehen sie aus Materialien mit allen Zulassungen und Zertifikaten. Genau das gleiche Material wird zur Herstellung von Lebensmittelbeh\u00e4ltern verwendet.[\/vc_column_text][\/vc_accordion_tab][vc_accordion_tab gutter_size=&#8220;2&#8243; column_padding=&#8220;2&#8243; title=&#8220;Verf\u00fcgen die B\u00e4lle, die Sie produzieren, \u00fcber Zertifikate?&#8220; tab_id=&#8220;1684173510657-2-101753112443461&#8243;][vc_column_text uncode_shortcode_id=&#8220;267318&#8243;]F\u00fcr unsere Produkte und alle bei ihrer Herstellung verwendeten Komponenten verf\u00fcgen wir \u00fcber ein Zertifikat und Konformit\u00e4tszertifikate.[\/vc_column_text][\/vc_accordion_tab][vc_accordion_tab gutter_size=&#8220;2&#8243; column_padding=&#8220;2&#8243; title=&#8220;Ich habe nicht die richtige Ballfarbe gefunden \u2013 ist es m\u00f6glich, die Farbe zu personalisieren?&#8220; tab_id=&#8220;1684173710692-3-81753112443461&#8243;][vc_column_text uncode_shortcode_id=&#8220;702932&#8243;]Absolut. Unser Angebot umfasst \u00fcber 50 Farben und Farbt\u00f6ne, die oft nach konkreten Kundenauftr\u00e4gen ausgew\u00e4hlt werden. Anhand der Muster- oder RAL-Nummer w\u00e4hlen wir f\u00fcr Sie den passenden Farbstoff aus.[\/vc_column_text][\/vc_accordion_tab][vc_accordion_tab gutter_size=&#8220;2&#8243; column_padding=&#8220;2&#8243; title=&#8220;Wie hoch ist die Mindestbestellmenge?&#8220; tab_id=&#8220;1684173738751-4-101753112443461&#8243;][vc_column_text uncode_shortcode_id=&#8220;170563&#8243;]Wir erf\u00fcllen alle Bestellungen, egal ob klein oder gro\u00df.[\/vc_column_text][\/vc_accordion_tab][vc_accordion_tab gutter_size=&#8220;2&#8243; column_padding=&#8220;2&#8243; title=&#8220;Ist es m\u00f6glich, B\u00e4lle in mehreren Farben zu bestellen?&#8220; tab_id=&#8220;1684173769756-5-101753112443461&#8243;][vc_column_text uncode_shortcode_id=&#8220;135038&#8243;]Ja, wir erstellen beliebige Farbmischungen nach Kundenwunsch. Wir sind in der Lage, sowohl unterschiedliche Farbs\u00e4tze als auch eine Farbe zu erstellen.[\/vc_column_text][\/vc_accordion_tab][vc_accordion_tab gutter_size=&#8220;2&#8243; column_padding=&#8220;2&#8243; title=&#8220;Kann ich mein eigenes Logo auf den B\u00e4llen haben?&#8220; tab_id=&#8220;1684173797635-6-91753112443461&#8243;][vc_column_text uncode_shortcode_id=&#8220;219502&#8243;]Ja, wenn Sie an einer l\u00e4ngerfristigen Zusammenarbeit interessiert sind, k\u00f6nnen wir Eins\u00e4tze mit einem eingravierten, individuellen Logo Ihres Unternehmens auf farbigen B\u00e4llen f\u00fcr ein Trockenbecken bestellen.[\/vc_column_text][\/vc_accordion_tab][vc_accordion_tab gutter_size=&#8220;2&#8243; column_padding=&#8220;2&#8243; title=&#8220;Wie lange dauert die Bearbeitung einer Bestellung?&#8220; tab_id=&#8220;1684173876685-7-11753112443461&#8243;][vc_column_text uncode_shortcode_id=&#8220;205133&#8243;]Wir bearbeiten Bestellungen innerhalb von 24 Stunden. Bei gr\u00f6\u00dferen Bestellungen wird die Lieferzeit individuell f\u00fcr jeden Kunden festgelegt.[\/vc_column_text][\/vc_accordion_tab][vc_accordion_tab gutter_size=&#8220;2&#8243; column_padding=&#8220;2&#8243; title=&#8220;Wie wird mir meine Bestellung geliefert?&#8220; tab_id=&#8220;1684173902149-8-91753112443461&#8243;][vc_column_text uncode_shortcode_id=&#8220;838438&#8243;]<\/p>\n<div class=\"elementor-accordion-item\">\n<div id=\"elementor-tab-content-2559\" class=\"elementor-tab-content elementor-clearfix elementor-active\" role=\"tabpanel\" data-tab=\"9\" aria-labelledby=\"elementor-tab-title-2559\">\n<p>Die Lieferung der Ware erfolgt per Kurierdienst, bei gr\u00f6\u00dferen Mengen greifen wir auf Speditionen zur\u00fcck.<\/p>\n<\/div>\n<\/div>\n<p>[\/vc_column_text][\/vc_accordion_tab][vc_accordion_tab gutter_size=&#8220;2&#8243; column_padding=&#8220;2&#8243; title=&#8220;Wie hoch sind die Versandkosten?&#8220; tab_id=&#8220;1684173924023-9-01753112443461&#8243;][vc_column_text uncode_shortcode_id=&#8220;475297&#8243;]Der Kurierversand kostet 12,50 PLN netto + Kartonpreis. Bei Versand per Spedition wird der Preis individuell festgelegt.[\/vc_column_text][\/vc_accordion_tab][vc_accordion_tab gutter_size=&#8220;2&#8243; column_padding=&#8220;2&#8243; title=&#8220;Wie sind die B\u00e4lle verpackt?&#8220; tab_id=&#8220;1684173962024-10-61753112443461&#8243;][vc_column_text uncode_shortcode_id=&#8220;266550&#8243;]<\/p>\n<div class=\"elementor-accordion-item\">\n<div id=\"elementor-tab-content-25511\" class=\"elementor-tab-content elementor-clearfix elementor-active\" role=\"tabpanel\" data-tab=\"11\" aria-labelledby=\"elementor-tab-title-25511\">\n<p>Beim Versand per Kurier verpacken wir die B\u00e4lle in wiederverwendbare Plastikt\u00fcten oder Kartons.<\/p>\n<\/div>\n<\/div>\n<p>[\/vc_column_text][\/vc_accordion_tab][vc_accordion_tab gutter_size=&#8220;2&#8243; column_padding=&#8220;2&#8243; title=&#8220;Ist eine Selbstabholung m\u00f6glich?&#8220; tab_id=&#8220;1684173984283-11-21753112443461&#8243;][vc_column_text uncode_shortcode_id=&#8220;109620&#8243;]Ja, wir laden Sie in unser B\u00fcro ein.[\/vc_column_text][\/vc_accordion_tab][vc_accordion_tab gutter_size=&#8220;2&#8243; column_padding=&#8220;2&#8243; title=&#8220;Sind diese B\u00e4lle f\u00fcr Spielpl\u00e4tze geeignet?&#8220; tab_id=&#8220;1684174011486-12-21753112443461&#8243;][vc_column_text uncode_shortcode_id=&#8220;118204&#8243;]Ja \u2013 wir sind uns jedoch bewusst, dass sie dann viel anf\u00e4lliger f\u00fcr Besch\u00e4digungen sind, weshalb wir f\u00fcr solche Stellen st\u00e4rkere und bruchfestere B\u00e4lle herstellen.[\/vc_column_text][\/vc_accordion_tab][vc_accordion_tab gutter_size=&#8220;2&#8243; column_padding=&#8220;2&#8243; title=&#8220;Ich habe weitere Fragen \u2013 wie kann ich Sie kontaktieren?&#8220; tab_id=&#8220;1684174051782-13-41753112443461&#8243;][vc_column_text uncode_shortcode_id=&#8220;104868&#8243;]\u00dcber das Kontaktformular im Reiter\u00a0<a class=\"cursor-init\" href=\"https:\/\/everplast.pl\/de\/kontakt\/\">KONTAKT<\/a>\u00a0oder telefonisch unter <a href=\"tel:+48505133711\">+48 505 133 711<\/a>.[\/vc_column_text][\/vc_accordion_tab][\/vc_accordion][\/vc_column][\/vc_row]<\/p>\n<\/div>","protected":false},"excerpt":{"rendered":"<p>[vc_row row_height_percent=&#8220;40&#8243; back_color=&#8220;accent&#8220; back_image=&#8220;118316&#8243; overlay_alpha=&#8220;90&#8243; equal_height=&#8220;yes&#8220; gutter_size=&#8220;1&#8243; column_width_use_pixel=&#8220;yes&#8220; shift_y=&#8220;0&#8243; z_index=&#8220;0&#8243; row_name=&#8220;Welcome&#8220; uncode_shortcode_id=&#8220;758193&#8243; back_color_type=&#8220;uncode-palette&#8220; overlay_color_type=&#8220;uncode-solid&#8220; overlay_color_solid=&#8220;#ffffff&#8220;][vc_column column_width_use_pixel=&#8220;yes&#8220; position_vertical=&#8220;middle&#8220; gutter_size=&#8220;3&#8243; style=&#8220;dark&#8220; overlay_alpha=&#8220;50&#8243; [&hellip;]<\/p>\n","protected":false},"author":6,"featured_media":0,"parent":0,"menu_order":0,"comment_status":"closed","ping_status":"closed","template":"","meta":{"footnotes":""},"class_list":["post-120533","page","type-page","status-publish","hentry"],"jetpack_sharing_enabled":true,"_links":{"self":[{"href":"https:\/\/everplast.pl\/de\/wp-json\/wp\/v2\/pages\/120533","targetHints":{"allow":["GET"]}}],"collection":[{"href":"https:\/\/everplast.pl\/de\/wp-json\/wp\/v2\/pages"}],"about":[{"href":"https:\/\/everplast.pl\/de\/wp-json\/wp\/v2\/types\/page"}],"author":[{"embeddable":true,"href":"https:\/\/everplast.pl\/de\/wp-json\/wp\/v2\/users\/6"}],"replies":[{"embeddable":true,"href":"https:\/\/everplast.pl\/de\/wp-json\/wp\/v2\/comments?post=120533"}],"version-history":[{"count":6,"href":"https:\/\/everplast.pl\/de\/wp-json\/wp\/v2\/pages\/120533\/revisions"}],"predecessor-version":[{"id":120787,"href":"https:\/\/everplast.pl\/de\/wp-json\/wp\/v2\/pages\/120533\/revisions\/120787"}],"wp:attachment":[{"href":"https:\/\/everplast.pl\/de\/wp-json\/wp\/v2\/media?parent=120533"}],"curies":[{"name":"wp","href":"https:\/\/api.w.org\/{rel}","templated":true}]}}