{"id":120529,"date":"2023-05-05T11:10:16","date_gmt":"2023-05-05T09:10:16","guid":{"rendered":"https:\/\/everplast.pl\/?page_id=120529"},"modified":"2025-08-05T22:13:34","modified_gmt":"2025-08-05T20:13:34","slug":"umwelt","status":"publish","type":"page","link":"https:\/\/everplast.pl\/de\/umwelt\/","title":{"rendered":"Umwelt"},"content":{"rendered":"<div class=\"wpb-content-wrapper\"><p>[vc_row row_height_percent=&#8220;0&#8243; back_image=&#8220;117798&#8243; overlay_alpha=&#8220;75&#8243; gutter_size=&#8220;3&#8243; column_width_percent=&#8220;100&#8243; shift_y=&#8220;0&#8243; z_index=&#8220;0&#8243; uncode_shortcode_id=&#8220;351211&#8243; overlay_color_type=&#8220;uncode-solid&#8220; overlay_color_solid=&#8220;#ffffff&#8220;][vc_column column_width_percent=&#8220;100&#8243; gutter_size=&#8220;4&#8243; overlay_alpha=&#8220;50&#8243; shift_x=&#8220;0&#8243; shift_y=&#8220;0&#8243; shift_y_down=&#8220;0&#8243; z_index=&#8220;0&#8243; medium_width=&#8220;0&#8243; mobile_width=&#8220;0&#8243; width=&#8220;1\/1&#8243; uncode_shortcode_id=&#8220;168352&#8243;][vc_empty_space empty_h=&#8220;1&#8243;][vc_custom_heading heading_semantic=&#8220;h1&#8243; text_size=&#8220;fontsize-155944&#8243; text_weight=&#8220;300&#8243; uncode_shortcode_id=&#8220;648385&#8243;]Erneuerbare Energien und Abfallreduzierung \u2013 wie wir uns f\u00fcr die \u00d6kologie einsetzen[\/vc_custom_heading][vc_custom_heading text_color=&#8220;color-prif&#8220; heading_semantic=&#8220;div&#8220; text_size=&#8220;h3&#8243; text_weight=&#8220;300&#8243; text_height=&#8220;fontheight-357766&#8243; css_animation=&#8220;alpha-anim&#8220; animation_speed=&#8220;700&#8243; uncode_shortcode_id=&#8220;211415&#8243; text_color_type=&#8220;uncode-palette&#8220;]Wir sind uns der Besonderheiten unseres Gesch\u00e4fts bewusst und ergreifen daher entsprechende Ma\u00dfnahmen, um so umweltfreundlich wie m\u00f6glich zu sein.[\/vc_custom_heading][\/vc_column][\/vc_row][vc_row row_height_percent=&#8220;0&#8243; override_padding=&#8220;yes&#8220; h_padding=&#8220;2&#8243; top_padding=&#8220;5&#8243; bottom_padding=&#8220;5&#8243; overlay_alpha=&#8220;50&#8243; gutter_size=&#8220;3&#8243; column_width_percent=&#8220;100&#8243; shift_y=&#8220;0&#8243; z_index=&#8220;0&#8243;][vc_column column_width_percent=&#8220;100&#8243; gutter_size=&#8220;4&#8243; overlay_alpha=&#8220;50&#8243; shift_x=&#8220;0&#8243; shift_y=&#8220;-2&#8243; shift_y_down=&#8220;0&#8243; z_index=&#8220;0&#8243; medium_width=&#8220;0&#8243; mobile_width=&#8220;0&#8243; width=&#8220;1\/1&#8243; uncode_shortcode_id=&#8220;659997&#8243;][vc_row_inner row_inner_height_percent=&#8220;0&#8243; overlay_alpha=&#8220;50&#8243; gutter_size=&#8220;4&#8243; shift_y=&#8220;0&#8243; limit_content=&#8220;&#8220;][vc_column_inner column_width_percent=&#8220;100&#8243; gutter_size=&#8220;4&#8243; overlay_alpha=&#8220;50&#8243; shift_x=&#8220;0&#8243; shift_y=&#8220;0&#8243; shift_y_down=&#8220;0&#8243; z_index=&#8220;0&#8243; medium_width=&#8220;0&#8243; mobile_width=&#8220;0&#8243; sticky=&#8220;yes&#8220; width=&#8220;3\/12&#8243;][vc_custom_heading text_size=&#8220;h3&#8243; uncode_shortcode_id=&#8220;162943&#8243;]Gemeinsam f\u00fcr die Umwelt[\/vc_custom_heading][\/vc_column_inner][vc_column_inner column_width_percent=&#8220;100&#8243; gutter_size=&#8220;3&#8243; overlay_alpha=&#8220;50&#8243; shift_x=&#8220;0&#8243; shift_y=&#8220;0&#8243; shift_y_down=&#8220;0&#8243; z_index=&#8220;0&#8243; medium_width=&#8220;0&#8243; mobile_width=&#8220;0&#8243; width=&#8220;9\/12&#8243;][vc_column_text text_lead=&#8220;yes&#8220; uncode_shortcode_id=&#8220;855318&#8243;]Als Industrieunternehmen sind wir uns der Auswirkungen bewusst, die unser Handeln auf die uns umgebende Natur haben kann. Aus diesem Grund haben wir uns entschlossen, eine Reihe von Ma\u00dfnahmen zu ergreifen, um die negativen Auswirkungen unserer Aktivit\u00e4ten auf die Umwelt zu verringern.[\/vc_column_text][\/vc_column_inner][\/vc_row_inner][vc_row_inner row_inner_height_percent=&#8220;0&#8243; overlay_alpha=&#8220;50&#8243; gutter_size=&#8220;4&#8243; shift_y=&#8220;0&#8243; limit_content=&#8220;&#8220;][vc_column_inner column_width_percent=&#8220;100&#8243; gutter_size=&#8220;3&#8243; overlay_alpha=&#8220;50&#8243; shift_x=&#8220;0&#8243; shift_y=&#8220;0&#8243; shift_y_down=&#8220;0&#8243; z_index=&#8220;0&#8243; medium_visibility=&#8220;yes&#8220; medium_width=&#8220;0&#8243; mobile_visibility=&#8220;yes&#8220; mobile_width=&#8220;0&#8243; width=&#8220;1\/4&#8243;][\/vc_column_inner][vc_column_inner column_width_percent=&#8220;100&#8243; align_horizontal=&#8220;align_center&#8220; gutter_size=&#8220;3&#8243; overlay_alpha=&#8220;50&#8243; shift_x=&#8220;0&#8243; shift_y=&#8220;0&#8243; shift_y_down=&#8220;0&#8243; z_index=&#8220;0&#8243; medium_width=&#8220;0&#8243; mobile_width=&#8220;0&#8243; width=&#8220;1\/4&#8243; uncode_shortcode_id=&#8220;207545&#8243;][vc_pie value=&#8220;100&#8243; arc_width=&#8220;5&#8243; bar_color=&#8220;&#8220; units=&#8220;%&#8220; uncode_shortcode_id=&#8220;159158&#8243; bar_color_type=&#8220;uncode-solid&#8220; bar_color_solid=&#8220;#f78d21&#8243;][vc_custom_heading text_color=&#8220;color-nhtu&#8220; heading_semantic=&#8220;div&#8220; text_size=&#8220;h4&#8243; uncode_shortcode_id=&#8220;865288&#8243; text_color_type=&#8220;uncode-palette&#8220;]Sicherheit[\/vc_custom_heading][\/vc_column_inner][vc_column_inner column_width_percent=&#8220;100&#8243; align_horizontal=&#8220;align_center&#8220; gutter_size=&#8220;3&#8243; overlay_alpha=&#8220;50&#8243; shift_x=&#8220;0&#8243; shift_y=&#8220;0&#8243; shift_y_down=&#8220;0&#8243; z_index=&#8220;0&#8243; medium_width=&#8220;0&#8243; mobile_width=&#8220;0&#8243; width=&#8220;1\/4&#8243; uncode_shortcode_id=&#8220;558627&#8243;][vc_pie value=&#8220;75&#8243; arc_width=&#8220;5&#8243; bar_color=&#8220;&#8220; units=&#8220;%&#8220; uncode_shortcode_id=&#8220;474232&#8243; bar_color_type=&#8220;uncode-solid&#8220; bar_color_solid=&#8220;#f78d21&#8243;][vc_custom_heading text_color=&#8220;color-nhtu&#8220; heading_semantic=&#8220;div&#8220; text_size=&#8220;h4&#8243; uncode_shortcode_id=&#8220;725548&#8243; text_color_type=&#8220;uncode-palette&#8220;]Erneuerbare Energiequellen[\/vc_custom_heading][\/vc_column_inner][vc_column_inner column_width_percent=&#8220;100&#8243; align_horizontal=&#8220;align_center&#8220; gutter_size=&#8220;3&#8243; overlay_alpha=&#8220;50&#8243; shift_x=&#8220;0&#8243; shift_y=&#8220;0&#8243; shift_y_down=&#8220;0&#8243; z_index=&#8220;0&#8243; medium_width=&#8220;0&#8243; mobile_width=&#8220;0&#8243; width=&#8220;1\/4&#8243; uncode_shortcode_id=&#8220;115287&#8243;][vc_pie value=&#8220;1&#8243; arc_width=&#8220;5&#8243; bar_color=&#8220;&#8220; units=&#8220;%&#8220; uncode_shortcode_id=&#8220;400444&#8243; bar_color_type=&#8220;uncode-solid&#8220; bar_color_solid=&#8220;#f78d21&#8243;][vc_custom_heading text_color=&#8220;color-nhtu&#8220; heading_semantic=&#8220;div&#8220; text_size=&#8220;h4&#8243; uncode_shortcode_id=&#8220;187290&#8243; text_color_type=&#8220;uncode-palette&#8220;]Anfallender Abfall[\/vc_custom_heading][\/vc_column_inner][\/vc_row_inner][\/vc_column][\/vc_row][vc_row row_height_percent=&#8220;0&#8243; override_padding=&#8220;yes&#8220; h_padding=&#8220;2&#8243; top_padding=&#8220;5&#8243; bottom_padding=&#8220;2&#8243; overlay_alpha=&#8220;50&#8243; gutter_size=&#8220;4&#8243; column_width_percent=&#8220;100&#8243; shift_y=&#8220;0&#8243; z_index=&#8220;0&#8243;][vc_column column_width_percent=&#8220;80&#8243; position_horizontal=&#8220;left&#8220; gutter_size=&#8220;2&#8243; overlay_alpha=&#8220;50&#8243; shift_x=&#8220;0&#8243; shift_y=&#8220;-5&#8243; shift_y_down=&#8220;0&#8243; z_index=&#8220;0&#8243; align_medium=&#8220;align_center_tablet&#8220; medium_width=&#8220;0&#8243; align_mobile=&#8220;align_center_mobile&#8220; mobile_width=&#8220;0&#8243; width=&#8220;5\/12&#8243; uncode_shortcode_id=&#8220;205809&#8243;][vc_custom_heading text_size=&#8220;h1&#8243; uncode_shortcode_id=&#8220;329199&#8243;]Photovoltaikmodule[\/vc_custom_heading][vc_column_text uncode_shortcode_id=&#8220;895507&#8243;]Eine unserer Hauptt\u00e4tigkeiten ist die Installation von Photovoltaikmodulen. Dank ihnen k\u00f6nnen wir Strom aus erneuerbaren Quellen erzeugen und unsere Abh\u00e4ngigkeit von fossilen Brennstoffen deutlich reduzieren. Dar\u00fcber hinaus k\u00f6nnen wir dank unserer Photovoltaikmodule den Kohlendioxidaussto\u00df reduzieren, was f\u00fcr die Bek\u00e4mpfung der globalen Erw\u00e4rmung von entscheidender Bedeutung ist.[\/vc_column_text][\/vc_column][vc_column column_width_percent=&#8220;100&#8243; gutter_size=&#8220;3&#8243; overlay_alpha=&#8220;50&#8243; shift_x=&#8220;0&#8243; shift_y=&#8220;-5&#8243; shift_y_down=&#8220;0&#8243; z_index=&#8220;0&#8243; medium_width=&#8220;0&#8243; mobile_width=&#8220;0&#8243; width=&#8220;7\/12&#8243; uncode_shortcode_id=&#8220;106419&#8243;][vc_single_image media=&#8220;118239&#8243; media_width_percent=&#8220;100&#8243; media_ratio=&#8220;four-three&#8220; shadow=&#8220;yes&#8220; css_animation=&#8220;right-t-left&#8220; animation_speed=&#8220;700&#8243; uncode_shortcode_id=&#8220;942994&#8243;][\/vc_column][\/vc_row][vc_row row_height_percent=&#8220;0&#8243; override_padding=&#8220;yes&#8220; h_padding=&#8220;2&#8243; top_padding=&#8220;0&#8243; bottom_padding=&#8220;5&#8243; overlay_alpha=&#8220;50&#8243; gutter_size=&#8220;4&#8243; column_width_percent=&#8220;100&#8243; shift_y=&#8220;0&#8243; z_index=&#8220;0&#8243; el_class=&#8220;inverted-device-order&#8220;][vc_column column_width_percent=&#8220;100&#8243; gutter_size=&#8220;3&#8243; overlay_alpha=&#8220;50&#8243; shift_x=&#8220;0&#8243; shift_y=&#8220;-5&#8243; shift_y_down=&#8220;0&#8243; z_index=&#8220;0&#8243; medium_width=&#8220;0&#8243; mobile_width=&#8220;0&#8243; width=&#8220;7\/12&#8243;][vc_single_image media=&#8220;118241&#8243; media_width_percent=&#8220;100&#8243; media_ratio=&#8220;four-three&#8220; shadow=&#8220;yes&#8220; shadow_weight=&#8220;std&#8220; css_animation=&#8220;left-t-right&#8220; animation_speed=&#8220;700&#8243; uncode_shortcode_id=&#8220;218575&#8243;][\/vc_column][vc_column column_width_percent=&#8220;80&#8243; position_horizontal=&#8220;right&#8220; position_vertical=&#8220;middle&#8220; gutter_size=&#8220;2&#8243; overlay_alpha=&#8220;50&#8243; shift_x=&#8220;0&#8243; shift_y=&#8220;0&#8243; shift_y_down=&#8220;0&#8243; z_index=&#8220;0&#8243; align_medium=&#8220;align_center_tablet&#8220; medium_width=&#8220;0&#8243; align_mobile=&#8220;align_center_mobile&#8220; mobile_width=&#8220;0&#8243; width=&#8220;5\/12&#8243;][vc_custom_heading text_size=&#8220;h1&#8243; uncode_shortcode_id=&#8220;163037&#8243;]Abfallreduzierung[\/vc_custom_heading][vc_column_text uncode_shortcode_id=&#8220;180939&#8243;]Unsere n\u00e4chste Ma\u00dfnahme besteht darin, die Abfallmenge zu reduzieren, die wir in unserem Betrieb erzeugen. Wir stellen sicher, dass m\u00f6glichst viel unseres Abfalls recycelt oder wiederverwendet wird. Dadurch reduzieren wir die Abfallmenge, die auf M\u00fclldeponien landet und die Umwelt verschmutzt.[\/vc_column_text][\/vc_column][\/vc_row][vc_row row_height_percent=&#8220;50&#8243; override_padding=&#8220;yes&#8220; h_padding=&#8220;2&#8243; top_padding=&#8220;5&#8243; bottom_padding=&#8220;5&#8243; overlay_alpha=&#8220;50&#8243; gutter_size=&#8220;3&#8243; column_width_percent=&#8220;100&#8243; shift_y=&#8220;0&#8243; z_index=&#8220;0&#8243;][vc_column column_width_use_pixel=&#8220;yes&#8220; position_vertical=&#8220;middle&#8220; align_horizontal=&#8220;align_center&#8220; gutter_size=&#8220;3&#8243; overlay_alpha=&#8220;50&#8243; shift_x=&#8220;0&#8243; shift_y=&#8220;-5&#8243; shift_y_down=&#8220;3&#8243; z_index=&#8220;0&#8243; medium_width=&#8220;0&#8243; mobile_width=&#8220;0&#8243; width=&#8220;1\/1&#8243; column_width_pixel=&#8220;1200&#8243; uncode_shortcode_id=&#8220;408432&#8243;][vc_custom_heading text_color=&#8220;color-nhtu&#8220; heading_semantic=&#8220;div&#8220; text_size=&#8220;fontsize-155944&#8243; css_animation=&#8220;alpha-anim&#8220; animation_speed=&#8220;700&#8243; uncode_shortcode_id=&#8220;162715&#8243; text_color_type=&#8220;uncode-palette&#8220;]Wir glauben, dass unser Handeln positive Auswirkungen auf die Umwelt hat und dass jeder seinen Teil zum Schutz unseres Planeten beitragen kann.[\/vc_custom_heading][\/vc_column][\/vc_row]<\/p>\n<\/div>","protected":false},"excerpt":{"rendered":"<p>[vc_row row_height_percent=&#8220;0&#8243; back_image=&#8220;117798&#8243; overlay_alpha=&#8220;75&#8243; gutter_size=&#8220;3&#8243; column_width_percent=&#8220;100&#8243; shift_y=&#8220;0&#8243; z_index=&#8220;0&#8243; uncode_shortcode_id=&#8220;351211&#8243; overlay_color_type=&#8220;uncode-solid&#8220; overlay_color_solid=&#8220;#ffffff&#8220;][vc_column column_width_percent=&#8220;100&#8243; gutter_size=&#8220;4&#8243; overlay_alpha=&#8220;50&#8243; shift_x=&#8220;0&#8243; shift_y=&#8220;0&#8243; shift_y_down=&#8220;0&#8243; z_index=&#8220;0&#8243; medium_width=&#8220;0&#8243; mobile_width=&#8220;0&#8243; [&hellip;]<\/p>\n","protected":false},"author":6,"featured_media":0,"parent":0,"menu_order":0,"comment_status":"closed","ping_status":"closed","template":"","meta":{"footnotes":""},"class_list":["post-120529","page","type-page","status-publish","hentry"],"jetpack_sharing_enabled":true,"_links":{"self":[{"href":"https:\/\/everplast.pl\/de\/wp-json\/wp\/v2\/pages\/120529","targetHints":{"allow":["GET"]}}],"collection":[{"href":"https:\/\/everplast.pl\/de\/wp-json\/wp\/v2\/pages"}],"about":[{"href":"https:\/\/everplast.pl\/de\/wp-json\/wp\/v2\/types\/page"}],"author":[{"embeddable":true,"href":"https:\/\/everplast.pl\/de\/wp-json\/wp\/v2\/users\/6"}],"replies":[{"embeddable":true,"href":"https:\/\/everplast.pl\/de\/wp-json\/wp\/v2\/comments?post=120529"}],"version-history":[{"count":2,"href":"https:\/\/everplast.pl\/de\/wp-json\/wp\/v2\/pages\/120529\/revisions"}],"predecessor-version":[{"id":120531,"href":"https:\/\/everplast.pl\/de\/wp-json\/wp\/v2\/pages\/120529\/revisions\/120531"}],"wp:attachment":[{"href":"https:\/\/everplast.pl\/de\/wp-json\/wp\/v2\/media?parent=120529"}],"curies":[{"name":"wp","href":"https:\/\/api.w.org\/{rel}","templated":true}]}}