{"id":120525,"date":"2023-05-05T11:08:39","date_gmt":"2023-05-05T09:08:39","guid":{"rendered":"https:\/\/everplast.pl\/?page_id=120525"},"modified":"2025-08-05T22:13:14","modified_gmt":"2025-08-05T20:13:14","slug":"galerie","status":"publish","type":"page","link":"https:\/\/everplast.pl\/de\/galerie\/","title":{"rendered":"Galerie"},"content":{"rendered":"<div class=\"wpb-content-wrapper\"><p>[vc_row row_height_percent=&#8220;50&#8243; override_padding=&#8220;yes&#8220; h_padding=&#8220;2&#8243; top_padding=&#8220;2&#8243; bottom_padding=&#8220;2&#8243; back_image=&#8220;118316&#8243; overlay_alpha=&#8220;90&#8243; gutter_size=&#8220;3&#8243; column_width_percent=&#8220;100&#8243; shift_y=&#8220;0&#8243; z_index=&#8220;0&#8243; uncode_shortcode_id=&#8220;400106&#8243; overlay_color_type=&#8220;uncode-solid&#8220; overlay_color_solid=&#8220;#ffffff&#8220;][vc_column column_width_percent=&#8220;100&#8243; position_vertical=&#8220;middle&#8220; gutter_size=&#8220;3&#8243; overlay_alpha=&#8220;50&#8243; shift_x=&#8220;0&#8243; shift_y=&#8220;0&#8243; shift_y_down=&#8220;0&#8243; z_index=&#8220;0&#8243; medium_width=&#8220;0&#8243; mobile_width=&#8220;0&#8243; width=&#8220;1\/1&#8243; uncode_shortcode_id=&#8220;285720&#8243;][vc_custom_heading heading_semantic=&#8220;h1&#8243; text_size=&#8220;fontsize-155944&#8243; text_weight=&#8220;300&#8243; uncode_shortcode_id=&#8220;303939&#8243;]<\/p>\n<h1 style=\"box-sizing: border-box; margin-top: 0px !important; display: block; font-weight: 300 !important; font-size: 50px; color: #303133 !important; fill: #303133 !important; letter-spacing: 0.00em; font-family: Inter; line-height: 1.2; text-align: left;\">Wir laden Sie ein, unsere virtuelle Produktgalerie zu besuchen<\/h1>\n<p>[\/vc_custom_heading][vc_custom_heading text_color=&#8220;color-prif&#8220; text_size=&#8220;h3&#8243; text_weight=&#8220;300&#8243; text_height=&#8220;fontheight-357766&#8243; css_animation=&#8220;alpha-anim&#8220; animation_speed=&#8220;700&#8243; uncode_shortcode_id=&#8220;519982&#8243; text_color_type=&#8220;uncode-palette&#8220;]Wir bieten eine breite Produktpalette, die selbst die Erwartungen der anspruchsvollsten Kunden erf\u00fcllt. Wir sind in der Lage, nahezu jeden Artikel aus Kunststoff herzustellen.[\/vc_custom_heading][\/vc_column][\/vc_row][vc_row row_height_percent=&#8220;50&#8243; override_padding=&#8220;yes&#8220; h_padding=&#8220;2&#8243; top_padding=&#8220;2&#8243; bottom_padding=&#8220;2&#8243; overlay_alpha=&#8220;50&#8243; equal_height=&#8220;yes&#8220; gutter_size=&#8220;0&#8243; column_width_percent=&#8220;100&#8243; shift_y=&#8220;0&#8243; z_index=&#8220;0&#8243; uncode_shortcode_id=&#8220;660698&#8243;][vc_column column_width_percent=&#8220;100&#8243; gutter_size=&#8220;0&#8243; overlay_alpha=&#8220;50&#8243; shift_x=&#8220;0&#8243; shift_y=&#8220;0&#8243; z_index=&#8220;0&#8243; medium_width=&#8220;0&#8243; mobile_width=&#8220;0&#8243; width=&#8220;1\/1&#8243;][vc_row_inner row_inner_height_percent=&#8220;50&#8243; back_color=&#8220;color-wvjs&#8220; overlay_alpha=&#8220;50&#8243; equal_height=&#8220;yes&#8220; gutter_size=&#8220;0&#8243; shift_y=&#8220;0&#8243; z_index=&#8220;0&#8243; limit_content=&#8220;&#8220; uncode_shortcode_id=&#8220;948054&#8243; back_color_type=&#8220;uncode-palette&#8220;][vc_column_inner column_width_percent=&#8220;100&#8243; position_vertical=&#8220;middle&#8220; gutter_size=&#8220;3&#8243; override_padding=&#8220;yes&#8220; column_padding=&#8220;2&#8243; style=&#8220;dark&#8220; back_color=&#8220;color-prif&#8220; overlay_alpha=&#8220;50&#8243; shift_x=&#8220;0&#8243; shift_y=&#8220;0&#8243; shift_y_down=&#8220;0&#8243; z_index=&#8220;0&#8243; medium_width=&#8220;4&#8243; mobile_width=&#8220;0&#8243; width=&#8220;1\/3&#8243; mobile_height=&#8220;300&#8243; uncode_shortcode_id=&#8220;196782&#8243; back_color_type=&#8220;uncode-palette&#8220;][vc_icon icon=&#8220;fa fa-adjustments&#8220; icon_color=&#8220;color-lxmt&#8220; size=&#8220;fa-3x&#8220; text_size=&#8220;h2&#8243; text_reduced=&#8220;yes&#8220; align=&#8220;left&#8220; title=&#8220;Farbpalette&#8220; uncode_shortcode_id=&#8220;142602&#8243; icon_color_type=&#8220;uncode-palette&#8220;]<span style=\"color: #ffffff;\">Unser Angebot umfasst B\u00e4lle in \u00fcber 75 verschiedenen Farben. Wir sind in der Lage, aus dem bereitgestellten Muster die passende Farbe auszuw\u00e4hlen!<\/span>[\/vc_icon][vc_button button_color=&#8220;accent&#8220; radius=&#8220;btn-round&#8220; wide=&#8220;yes&#8220; border_width=&#8220;0&#8243; uncode_shortcode_id=&#8220;851506&#8243; link=&#8220;url:https%3A%2F%2Feverplast.pl%2Fwp-content%2Fuploads%2F2025%2F03%2FEverPlast-kolorystyka-2024.pdf&#8220; button_color_type=&#8220;uncode-palette&#8220;]KATALOG HERUNTERLADEN[\/vc_button][\/vc_column_inner][vc_column_inner column_width_percent=&#8220;100&#8243; position_vertical=&#8220;middle&#8220; gutter_size=&#8220;3&#8243; override_padding=&#8220;yes&#8220; column_padding=&#8220;2&#8243; back_color=&#8220;color-uydo&#8220; overlay_alpha=&#8220;50&#8243; shift_x=&#8220;0&#8243; shift_y=&#8220;0&#8243; shift_y_down=&#8220;0&#8243; z_index=&#8220;0&#8243; medium_width=&#8220;4&#8243; mobile_width=&#8220;0&#8243; width=&#8220;1\/3&#8243; uncode_shortcode_id=&#8220;576682&#8243; back_color_type=&#8220;uncode-palette&#8220;][vc_icon icon=&#8220;fa fa-shield2&#8243; icon_color=&#8220;color-prif&#8220; size=&#8220;fa-3x&#8220; text_size=&#8220;h2&#8243; text_reduced=&#8220;yes&#8220; align=&#8220;left&#8220; title=&#8220;Sicherheit&#8220; uncode_shortcode_id=&#8220;337823&#8243; icon_color_type=&#8220;uncode-palette&#8220;]<span style=\"color: #000000;\">Bei der Auftragserf\u00fcllung achten wir auf eine hohe Qualit\u00e4t der Produkte, die \u00fcber die erforderlichen, durch Labortests best\u00e4tigten Zertifikate und Zulassungen verf\u00fcgen.<\/span>[\/vc_icon][vc_button button_color=&#8220;accent&#8220; radius=&#8220;btn-round&#8220; wide=&#8220;yes&#8220; border_width=&#8220;0&#8243; uncode_shortcode_id=&#8220;178171&#8243; button_color_type=&#8220;uncode-palette&#8220; link=&#8220;url:https%3A%2F%2Feverplast.pl%2Fwp-content%2Fuploads%2F2023%2F05%2FLT-129-7500-2022-POZ.pdf&#8220;]SIEHE UNSERE ZERTIFIKATE[\/vc_button][\/vc_column_inner][vc_column_inner column_width_percent=&#8220;100&#8243; position_vertical=&#8220;middle&#8220; gutter_size=&#8220;3&#8243; override_padding=&#8220;yes&#8220; column_padding=&#8220;2&#8243; back_color=&#8220;color-lxmt&#8220; overlay_alpha=&#8220;50&#8243; shift_x=&#8220;0&#8243; shift_y=&#8220;0&#8243; shift_y_down=&#8220;0&#8243; z_index=&#8220;0&#8243; medium_width=&#8220;0&#8243; mobile_width=&#8220;0&#8243; width=&#8220;1\/3&#8243; uncode_shortcode_id=&#8220;206850&#8243; back_color_type=&#8220;uncode-palette&#8220;][vc_icon icon=&#8220;fa fa-pencil&#8220; icon_color=&#8220;color-prif&#8220; size=&#8220;fa-3x&#8220; text_size=&#8220;h2&#8243; text_reduced=&#8220;yes&#8220; align=&#8220;left&#8220; title=&#8220;Konformit\u00e4tserkl\u00e4rung&#8220; uncode_shortcode_id=&#8220;163080&#8243; icon_color_type=&#8220;uncode-palette&#8220;]<span style=\"color: #000000;\">Unser Unternehmen garantiert, dass die verkauften Produkte den angegebenen technischen Spezifikationen entsprechen und alle Anforderungen erf\u00fcllen.<\/span>[\/vc_icon][vc_button button_color=&#8220;accent&#8220; radius=&#8220;btn-round&#8220; wide=&#8220;yes&#8220; border_width=&#8220;0&#8243; uncode_shortcode_id=&#8220;463605&#8243; link=&#8220;url:https%3A%2F%2Feverplast.pl%2Fwp-content%2Fuploads%2F2025%2F03%2FDeklaracja-zgodnosci.pdf&#8220; button_color_type=&#8220;uncode-palette&#8220;]\u00dcBERPR\u00dcFEN[\/vc_button][\/vc_column_inner][\/vc_row_inner][\/vc_column][\/vc_row][vc_row row_height_percent=&#8220;0&#8243; override_padding=&#8220;yes&#8220; h_padding=&#8220;2&#8243; top_padding=&#8220;2&#8243; bottom_padding=&#8220;3&#8243; overlay_alpha=&#8220;100&#8243; gutter_size=&#8220;100&#8243; column_width_percent=&#8220;100&#8243; border_color=&#8220;color-gyho&#8220; border_style=&#8220;solid&#8220; shift_y=&#8220;0&#8243; z_index=&#8220;0&#8243; style=&#8220;inherited&#8220; uncode_shortcode_id=&#8220;548176&#8243; border_color_type=&#8220;uncode-palette&#8220;][vc_column column_width_percent=&#8220;100&#8243; align_horizontal=&#8220;align_center&#8220; gutter_size=&#8220;3&#8243; overlay_alpha=&#8220;50&#8243; shift_x=&#8220;0&#8243; shift_y=&#8220;0&#8243; medium_width=&#8220;0&#8243; zoom_width=&#8220;0&#8243; zoom_height=&#8220;0&#8243; width=&#8220;1\/1&#8243;][vc_gallery el_id=&#8220;gallery-43823&#8243; isotope_mode=&#8220;fitRows&#8220; medias=&#8220;118345,118344,118343,118342,118340,118339,118338,118337,119430,119432,119436,119438,119440,119442,119444,119446,119448,119450,119452,119454,119456,119458,119460,119462&#8243; gutter_size=&#8220;2&#8243; media_items=&#8220;media,icon&#8220; screen_lg=&#8220;1000&#8243; screen_md=&#8220;600&#8243; screen_sm=&#8220;480&#8243; single_width=&#8220;2&#8243; single_overlay_opacity=&#8220;50&#8243; single_h_align=&#8220;center&#8220; single_padding=&#8220;2&#8243; single_icon=&#8220;fa fa-plus2&#8243; single_border=&#8220;yes&#8220; single_css_animation=&#8220;bottom-t-top&#8220; single_animation_delay=&#8220;100&#8243; lbox_title=&#8220;yes&#8220; lbox_caption=&#8220;yes&#8220; lbox_social=&#8220;yes&#8220; lbox_deep=&#8220;yes&#8220; lbox_no_tmb=&#8220;yes&#8220; no_double_tap=&#8220;yes&#8220; items=&#8220;e30=&#8220; uncode_shortcode_id=&#8220;142025&#8243;][\/vc_column][\/vc_row]<\/p>\n<\/div>","protected":false},"excerpt":{"rendered":"<p>[vc_row row_height_percent=&#8220;50&#8243; override_padding=&#8220;yes&#8220; h_padding=&#8220;2&#8243; top_padding=&#8220;2&#8243; bottom_padding=&#8220;2&#8243; back_image=&#8220;118316&#8243; overlay_alpha=&#8220;90&#8243; gutter_size=&#8220;3&#8243; column_width_percent=&#8220;100&#8243; shift_y=&#8220;0&#8243; z_index=&#8220;0&#8243; uncode_shortcode_id=&#8220;400106&#8243; overlay_color_type=&#8220;uncode-solid&#8220; overlay_color_solid=&#8220;#ffffff&#8220;][vc_column column_width_percent=&#8220;100&#8243; position_vertical=&#8220;middle&#8220; gutter_size=&#8220;3&#8243; overlay_alpha=&#8220;50&#8243; shift_x=&#8220;0&#8243; [&hellip;]<\/p>\n","protected":false},"author":6,"featured_media":0,"parent":0,"menu_order":0,"comment_status":"closed","ping_status":"closed","template":"","meta":{"footnotes":""},"class_list":["post-120525","page","type-page","status-publish","hentry"],"jetpack_sharing_enabled":true,"_links":{"self":[{"href":"https:\/\/everplast.pl\/de\/wp-json\/wp\/v2\/pages\/120525","targetHints":{"allow":["GET"]}}],"collection":[{"href":"https:\/\/everplast.pl\/de\/wp-json\/wp\/v2\/pages"}],"about":[{"href":"https:\/\/everplast.pl\/de\/wp-json\/wp\/v2\/types\/page"}],"author":[{"embeddable":true,"href":"https:\/\/everplast.pl\/de\/wp-json\/wp\/v2\/users\/6"}],"replies":[{"embeddable":true,"href":"https:\/\/everplast.pl\/de\/wp-json\/wp\/v2\/comments?post=120525"}],"version-history":[{"count":2,"href":"https:\/\/everplast.pl\/de\/wp-json\/wp\/v2\/pages\/120525\/revisions"}],"predecessor-version":[{"id":120527,"href":"https:\/\/everplast.pl\/de\/wp-json\/wp\/v2\/pages\/120525\/revisions\/120527"}],"wp:attachment":[{"href":"https:\/\/everplast.pl\/de\/wp-json\/wp\/v2\/media?parent=120525"}],"curies":[{"name":"wp","href":"https:\/\/api.w.org\/{rel}","templated":true}]}}