{"id":120515,"date":"2023-04-26T13:33:09","date_gmt":"2023-04-26T11:33:09","guid":{"rendered":"https:\/\/everplast.pl\/?page_id=120515"},"modified":"2025-08-05T22:07:55","modified_gmt":"2025-08-05T20:07:55","slug":"ueber-uns","status":"publish","type":"page","link":"https:\/\/everplast.pl\/de\/ueber-uns\/","title":{"rendered":"\u00dcber uns"},"content":{"rendered":"<div class=\"wpb-content-wrapper\"><p>[vc_row row_height_percent=&#8220;0&#8243; override_padding=&#8220;yes&#8220; h_padding=&#8220;2&#8243; top_padding=&#8220;3&#8243; bottom_padding=&#8220;2&#8243; back_color=&#8220;color-xsdn&#8220; overlay_alpha=&#8220;50&#8243; gutter_size=&#8220;3&#8243; column_width_percent=&#8220;100&#8243; shift_y=&#8220;0&#8243; z_index=&#8220;0&#8243; uncode_shortcode_id=&#8220;124102&#8243; back_color_type=&#8220;uncode-palette&#8220;][vc_column width=&#8220;1\/1&#8243;][vc_custom_heading heading_semantic=&#8220;div&#8220; text_size=&#8220;fontsize-155944&#8243; text_weight=&#8220;300&#8243; uncode_shortcode_id=&#8220;205608&#8243;]Wir liefern hochwertige Produkte aus Kunststoff[\/vc_custom_heading][vc_custom_heading text_color=&#8220;color-wvjs&#8220; heading_semantic=&#8220;div&#8220; text_size=&#8220;h3&#8243; text_weight=&#8220;300&#8243; text_height=&#8220;fontheight-357766&#8243; css_animation=&#8220;alpha-anim&#8220; animation_speed=&#8220;700&#8243; uncode_shortcode_id=&#8220;628124&#8243; text_color_type=&#8220;uncode-palette&#8220;]Dank unserer langj\u00e4hrigen Erfahrung sind wir in der Lage, ein Gleichgewicht zwischen Qualit\u00e4t und Endpreis zu wahren. Aus diesem Grund arbeiten wir mit anerkannten Marken auf der ganzen Welt zusammen.[\/vc_custom_heading][\/vc_column][\/vc_row][vc_row row_height_percent=&#8220;55&#8243; back_color=&#8220;color-prif&#8220; back_image=&#8220;119845&#8243; back_position=&#8220;center center&#8220; kburns=&#8220;zoom&#8220; overlay_color=&#8220;color-uydo&#8220; overlay_alpha=&#8220;60&#8243; gutter_size=&#8220;3&#8243; column_width_percent=&#8220;100&#8243; shift_y=&#8220;0&#8243; z_index=&#8220;0&#8243; uncode_shortcode_id=&#8220;157347&#8243; back_color_type=&#8220;uncode-palette&#8220; overlay_color_type=&#8220;uncode-palette&#8220;][vc_column column_width_percent=&#8220;100&#8243; position_vertical=&#8220;middle&#8220; align_horizontal=&#8220;align_center&#8220; gutter_size=&#8220;3&#8243; style=&#8220;dark&#8220; overlay_alpha=&#8220;50&#8243; shift_x=&#8220;0&#8243; shift_y=&#8220;0&#8243; shift_y_down=&#8220;0&#8243; z_index=&#8220;0&#8243; medium_width=&#8220;0&#8243; mobile_width=&#8220;0&#8243; width=&#8220;1\/1&#8243; uncode_shortcode_id=&#8220;406404&#8243; mobile_height=&#8220;380&#8243;][vc_column_text uncode_shortcode_id=&#8220;101150&#8243;]<a id=\"69e03f933e337\" rel=\"wp-video-lightbox noopener\" href=\"https:\/\/www.youtube.com\/watch?v=ueKJqNW87_k&#038;rel=false&#038;width=640&#038;height=480\" title=\"\" target=\"_blank\"><img decoding=\"async\" src=\"https:\/\/everplast.pl\/wp-content\/uploads\/2023\/07\/play.png\" class=\"video_lightbox_anchor_image\" alt=\"\" \/><\/a>    <script>\r\n    \/* <![CDATA[ *\/\r\n    jQuery(document).ready(function($){\r\n        $(function(){\r\n            var width = $(window).innerWidth();\r\n            var setwidth = parseFloat(640);\r\n            var ratio = parseFloat(0.75);\r\n            var height = parseFloat(480);\r\n            var link = 'https:\/\/www.youtube.com\/watch?v=ueKJqNW87_k&amp;rel=false&amp;width=640&amp;height=480';\r\n            if(width < setwidth)\r\n            {\r\n                height = Math.floor(width * 0.75);\r\n                \/\/console.log(\"device width \"+width+\", set width \"+640+\", ratio \"+0.75+\", new height \"+ height);\r\n                var new_url = wpvl_paramReplace('width', link, width);\r\n                var new_url = wpvl_paramReplace('height', new_url, height);\r\n                $(\"a#69e03f933e337\").attr('href', new_url);\r\n                \/\/console.log(new_url);\r\n            }\r\n        });\r\n    });\r\n    \/* ]]> *\/\r\n    <\/script>[\/vc_column_text][\/vc_column][\/vc_row][vc_row row_height_percent=&#8220;0&#8243; override_padding=&#8220;yes&#8220; h_padding=&#8220;2&#8243; top_padding=&#8220;2&#8243; bottom_padding=&#8220;2&#8243; back_color=&#8220;color-wayh&#8220; overlay_alpha=&#8220;50&#8243; gutter_size=&#8220;3&#8243; column_width_percent=&#8220;100&#8243; shift_y=&#8220;0&#8243; z_index=&#8220;0&#8243; uncode_shortcode_id=&#8220;658946&#8243; back_color_type=&#8220;uncode-palette&#8220;][vc_column column_width_percent=&#8220;100&#8243; gutter_size=&#8220;4&#8243; overlay_alpha=&#8220;50&#8243; shift_x=&#8220;0&#8243; shift_y=&#8220;0&#8243; shift_y_down=&#8220;0&#8243; z_index=&#8220;0&#8243; medium_width=&#8220;0&#8243; mobile_width=&#8220;0&#8243; width=&#8220;1\/1&#8243; uncode_shortcode_id=&#8220;156255&#8243;][vc_row_inner row_inner_height_percent=&#8220;0&#8243; overlay_alpha=&#8220;50&#8243; gutter_size=&#8220;4&#8243; shift_y=&#8220;0&#8243; z_index=&#8220;0&#8243; limit_content=&#8220;&#8220;][vc_column_inner column_width_percent=&#8220;100&#8243; gutter_size=&#8220;2&#8243; style=&#8220;dark&#8220; overlay_alpha=&#8220;50&#8243; shift_x=&#8220;0&#8243; shift_y=&#8220;0&#8243; shift_y_down=&#8220;0&#8243; z_index=&#8220;0&#8243; medium_width=&#8220;0&#8243; mobile_width=&#8220;0&#8243; width=&#8220;8\/12&#8243;][vc_custom_heading heading_semantic=&#8220;div&#8220; text_size=&#8220;h1&#8243; text_weight=&#8220;300&#8243; text_height=&#8220;fontheight-357766&#8243; uncode_shortcode_id=&#8220;150572&#8243;]Anfangs lag der Fokus unseres Unternehmens auf Produkten aus der Spielwarenbranche, mittlerweile sind wir jedoch in der Lage, nahezu jeden Artikel herzustellen, der auf unseren Maschinen hergestellt werden kann.[\/vc_custom_heading][\/vc_column_inner][\/vc_row_inner][vc_row_inner row_inner_height_percent=&#8220;0&#8243; overlay_alpha=&#8220;50&#8243; gutter_size=&#8220;4&#8243; shift_y=&#8220;0&#8243; z_index=&#8220;0&#8243; limit_content=&#8220;&#8220;][vc_column_inner column_width_percent=&#8220;100&#8243; gutter_size=&#8220;3&#8243; overlay_alpha=&#8220;50&#8243; shift_x=&#8220;0&#8243; shift_y=&#8220;0&#8243; shift_y_down=&#8220;0&#8243; z_index=&#8220;0&#8243; medium_width=&#8220;0&#8243; mobile_width=&#8220;0&#8243; css_animation=&#8220;bottom-t-top&#8220; animation_delay=&#8220;100&#8243; width=&#8220;1\/3&#8243; uncode_shortcode_id=&#8220;937863&#8243;][vc_custom_heading heading_semantic=&#8220;div&#8220; text_size=&#8220;h3&#8243; text_weight=&#8220;300&#8243; sub_lead=&#8220;yes&#8220; sub_reduced=&#8220;yes&#8220; subheading=&#8220;Wir verwenden ausschlie\u00dflich polnische Produkte und Farbstoffe.&#8220; uncode_shortcode_id=&#8220;107181&#8243; text_color_type=&#8220;uncode-solid&#8220; text_color_solid=&#8220;#f78d21&#8243;]<span style=\"color: #f78d21;\">Sicherheit<\/span>[\/vc_custom_heading][\/vc_column_inner][vc_column_inner column_width_percent=&#8220;100&#8243; gutter_size=&#8220;3&#8243; overlay_alpha=&#8220;50&#8243; shift_x=&#8220;0&#8243; shift_y=&#8220;0&#8243; shift_y_down=&#8220;0&#8243; z_index=&#8220;0&#8243; medium_width=&#8220;0&#8243; mobile_width=&#8220;0&#8243; css_animation=&#8220;bottom-t-top&#8220; animation_delay=&#8220;300&#8243; width=&#8220;1\/3&#8243; uncode_shortcode_id=&#8220;599331&#8243;][vc_custom_heading heading_semantic=&#8220;div&#8220; text_size=&#8220;h3&#8243; text_weight=&#8220;300&#8243; sub_lead=&#8220;yes&#8220; sub_reduced=&#8220;yes&#8220; subheading=&#8220;Wir verf\u00fcgen \u00fcber alle notwendigen Zulassungen und Konformit\u00e4tszertifikate.&#8220; uncode_shortcode_id=&#8220;185666&#8243; text_color_type=&#8220;uncode-solid&#8220; text_color_solid=&#8220;#f78d21&#8243;]<span style=\"color: #f78d21;\">Verantwortung<\/span>[\/vc_custom_heading][\/vc_column_inner][vc_column_inner column_width_percent=&#8220;100&#8243; gutter_size=&#8220;3&#8243; overlay_alpha=&#8220;50&#8243; shift_x=&#8220;0&#8243; shift_y=&#8220;0&#8243; shift_y_down=&#8220;0&#8243; z_index=&#8220;0&#8243; medium_width=&#8220;0&#8243; mobile_width=&#8220;0&#8243; css_animation=&#8220;bottom-t-top&#8220; animation_delay=&#8220;500&#8243; width=&#8220;1\/3&#8243; uncode_shortcode_id=&#8220;366340&#8243;][vc_custom_heading heading_semantic=&#8220;div&#8220; text_size=&#8220;h3&#8243; text_weight=&#8220;300&#8243; sub_lead=&#8220;yes&#8220; sub_reduced=&#8220;yes&#8220; subheading=&#8220;Trotz der Verarbeitung von Kunststoffen entstehen in unserem Unternehmen nur minimale Abfallmengen.&#8220; uncode_shortcode_id=&#8220;163552&#8243; text_color_type=&#8220;uncode-solid&#8220; text_color_solid=&#8220;#f78d21&#8243;]<span style=\"color: #f78d21;\">\u00d6kologie<\/span>[\/vc_custom_heading][\/vc_column_inner][\/vc_row_inner][\/vc_column][\/vc_row][vc_row row_height_percent=&#8220;0&#8243; override_padding=&#8220;yes&#8220; h_padding=&#8220;2&#8243; top_padding=&#8220;2&#8243; bottom_padding=&#8220;2&#8243; overlay_alpha=&#8220;50&#8243; gutter_size=&#8220;4&#8243; column_width_percent=&#8220;100&#8243; shift_y=&#8220;0&#8243; z_index=&#8220;0&#8243; uncode_shortcode_id=&#8220;198985&#8243;][vc_column column_width_percent=&#8220;100&#8243; gutter_size=&#8220;2&#8243; overlay_alpha=&#8220;50&#8243; shift_x=&#8220;0&#8243; shift_y=&#8220;0&#8243; shift_y_down=&#8220;0&#8243; z_index=&#8220;0&#8243; medium_width=&#8220;0&#8243; mobile_width=&#8220;0&#8243; width=&#8220;1\/3&#8243; uncode_shortcode_id=&#8220;634598&#8243;][uncode_counter value=&#8220;75&#8243; counter_color=&#8220;&#8220; size=&#8220;fontsize-338686&#8243; weight=&#8220;300&#8243; height=&#8220;fontheight-161249&#8243; suffix=&#8220;mln&#8220; uncode_shortcode_id=&#8220;159840&#8243; counter_color_type=&#8220;uncode-solid&#8220; counter_color_solid=&#8220;#f78d21&#8243;][vc_empty_space empty_h=&#8220;1&#8243;][vc_custom_heading text_color=&#8220;color-jevc&#8220; heading_semantic=&#8220;div&#8220; text_size=&#8220;h3&#8243; text_weight=&#8220;300&#8243; text_height=&#8220;fontheight-357766&#8243; uncode_shortcode_id=&#8220;107568&#8243; text_color_type=&#8220;uncode-palette&#8220;]B\u00e4lle produziert[\/vc_custom_heading][vc_custom_heading text_color=&#8220;color-wvjs&#8220; heading_semantic=&#8220;p&#8220; text_size=&#8220;h4&#8243; text_weight=&#8220;300&#8243; text_height=&#8220;fontheight-357766&#8243; uncode_shortcode_id=&#8220;565558&#8243; text_color_type=&#8220;uncode-palette&#8220;]Die B\u00e4lle sind in drei Gr\u00f6\u00dfen erh\u00e4ltlich: 6, 7 und 8 cm.[\/vc_custom_heading][\/vc_column][vc_column column_width_percent=&#8220;100&#8243; gutter_size=&#8220;2&#8243; overlay_alpha=&#8220;50&#8243; shift_x=&#8220;0&#8243; shift_y=&#8220;0&#8243; shift_y_down=&#8220;0&#8243; z_index=&#8220;0&#8243; medium_width=&#8220;0&#8243; mobile_width=&#8220;0&#8243; width=&#8220;1\/3&#8243; uncode_shortcode_id=&#8220;123329&#8243;][uncode_counter value=&#8220;+100&#8243; counter_color=&#8220;&#8220; size=&#8220;fontsize-338686&#8243; weight=&#8220;300&#8243; height=&#8220;fontheight-161249&#8243; uncode_shortcode_id=&#8220;136491&#8243; counter_color_type=&#8220;uncode-solid&#8220; counter_color_solid=&#8220;#f78d21&#8243;][vc_empty_space empty_h=&#8220;1&#8243;][vc_custom_heading text_color=&#8220;color-jevc&#8220; heading_semantic=&#8220;div&#8220; text_size=&#8220;h3&#8243; text_weight=&#8220;300&#8243; text_height=&#8220;fontheight-357766&#8243; uncode_shortcode_id=&#8220;103989&#8243; text_color_type=&#8220;uncode-palette&#8220;]Verf\u00fcgbare Farben[\/vc_custom_heading][vc_custom_heading text_color=&#8220;color-wvjs&#8220; heading_semantic=&#8220;p&#8220; text_size=&#8220;h4&#8243; text_weight=&#8220;300&#8243; text_height=&#8220;fontheight-357766&#8243; uncode_shortcode_id=&#8220;213046&#8243; text_color_type=&#8220;uncode-palette&#8220;]Die Farben sind frei kombinierbar und jede einzelne ist gesundheitlich unbedenklich. Wir k\u00f6nnen jede Farbe aus der RAL- und PANTONE- Farbpalette erstellen.[\/vc_custom_heading][\/vc_column][vc_column column_width_percent=&#8220;100&#8243; gutter_size=&#8220;2&#8243; overlay_alpha=&#8220;50&#8243; shift_x=&#8220;0&#8243; shift_y=&#8220;0&#8243; shift_y_down=&#8220;0&#8243; z_index=&#8220;0&#8243; medium_width=&#8220;0&#8243; mobile_width=&#8220;0&#8243; width=&#8220;1\/3&#8243; uncode_shortcode_id=&#8220;155866&#8243;][uncode_counter value=&#8220;+16&#8243; counter_color=&#8220;&#8220; size=&#8220;fontsize-338686&#8243; weight=&#8220;300&#8243; height=&#8220;fontheight-161249&#8243; uncode_shortcode_id=&#8220;150536&#8243; counter_color_type=&#8220;uncode-solid&#8220; counter_color_solid=&#8220;#f78d21&#8243;][vc_empty_space empty_h=&#8220;1&#8243;][vc_custom_heading text_color=&#8220;color-jevc&#8220; heading_semantic=&#8220;div&#8220; text_size=&#8220;h3&#8243; text_weight=&#8220;300&#8243; text_height=&#8220;fontheight-357766&#8243; uncode_shortcode_id=&#8220;156352&#8243; text_color_type=&#8220;uncode-palette&#8220;]L\u00e4nder auf der ganzen Welt[\/vc_custom_heading][vc_custom_heading text_color=&#8220;color-wvjs&#8220; heading_semantic=&#8220;p&#8220; text_size=&#8220;h4&#8243; text_weight=&#8220;300&#8243; text_height=&#8220;fontheight-357766&#8243; uncode_shortcode_id=&#8220;266121&#8243; text_color_type=&#8220;uncode-palette&#8220;]Wir sind international t\u00e4tig. Der Versand erfolgt t\u00e4glich.[\/vc_custom_heading][\/vc_column][\/vc_row][vc_row row_height_percent=&#8220;0&#8243; override_padding=&#8220;yes&#8220; h_padding=&#8220;2&#8243; top_padding=&#8220;2&#8243; bottom_padding=&#8220;2&#8243; back_color=&#8220;color-wayh&#8220; overlay_alpha=&#8220;50&#8243; equal_height=&#8220;yes&#8220; gutter_size=&#8220;4&#8243; column_width_percent=&#8220;100&#8243; shift_y=&#8220;0&#8243; z_index=&#8220;0&#8243; uncode_shortcode_id=&#8220;578791&#8243; back_color_type=&#8220;uncode-palette&#8220;][vc_column column_width_percent=&#8220;100&#8243; align_horizontal=&#8220;align_center&#8220; gutter_size=&#8220;3&#8243; overlay_alpha=&#8220;50&#8243; shift_x=&#8220;0&#8243; shift_y=&#8220;0&#8243; shift_y_down=&#8220;0&#8243; z_index=&#8220;0&#8243; medium_width=&#8220;0&#8243; mobile_width=&#8220;0&#8243; width=&#8220;1\/1&#8243; uncode_shortcode_id=&#8220;170983&#8243;][vc_custom_heading text_color=&#8220;accent&#8220; heading_semantic=&#8220;div&#8220; text_size=&#8220;h1&#8243; text_weight=&#8220;300&#8243; text_height=&#8220;fontheight-357766&#8243; uncode_shortcode_id=&#8220;285977&#8243; text_color_type=&#8220;uncode-palette&#8220;]Lernen Sie die Leute kennen, mit denen Sie zusammenarbeiten werden.[\/vc_custom_heading][\/vc_column][\/vc_row][vc_row row_height_percent=&#8220;20&#8243; override_padding=&#8220;yes&#8220; h_padding=&#8220;2&#8243; top_padding=&#8220;0&#8243; bottom_padding=&#8220;2&#8243; back_color=&#8220;color-wayh&#8220; overlay_alpha=&#8220;50&#8243; gutter_size=&#8220;4&#8243; column_width_percent=&#8220;100&#8243; shift_y=&#8220;0&#8243; z_index=&#8220;0&#8243; content_parallax=&#8220;0&#8243; uncode_shortcode_id=&#8220;157910&#8243; back_color_type=&#8220;uncode-palette&#8220;][vc_column column_width_percent=&#8220;60&#8243; align_horizontal=&#8220;align_center&#8220; gutter_size=&#8220;0&#8243; overlay_alpha=&#8220;50&#8243; shift_x=&#8220;0&#8243; shift_y=&#8220;0&#8243; shift_y_down=&#8220;0&#8243; z_index=&#8220;0&#8243; medium_width=&#8220;3&#8243; mobile_width=&#8220;7&#8243; width=&#8220;1\/2&#8243; uncode_shortcode_id=&#8220;124458&#8243; mobile_height=&#8220;200px&#8220;][vc_single_image media=&#8220;119556&#8243; media_width_percent=&#8220;70&#8243; media_ratio=&#8220;one-one&#8220; alignment=&#8220;center&#8220; uncode_shortcode_id=&#8220;166875&#8243;][vc_custom_heading text_color=&#8220;accent&#8220; heading_semantic=&#8220;div&#8220; text_size=&#8220;h4&#8243; text_weight=&#8220;300&#8243; text_height=&#8220;fontheight-357766&#8243; sub_lead=&#8220;yes&#8220; sub_reduced=&#8220;yes&#8220; uncode_shortcode_id=&#8220;114034&#8243; text_color_type=&#8220;uncode-palette&#8220;]<\/p>\n<p style=\"text-align: center;\">\u0141ukasz Nejma\u0144ski, CEO<\/p>\n<p>[\/vc_custom_heading][\/vc_column][\/vc_row][vc_row][vc_column width=&#8220;1\/1&#8243;][vc_column_text uncode_shortcode_id=&#8220;691053&#8243;]<\/p>\n<h1><b>EverPlast Kunststoffb\u00e4lle \u2013 lernen Sie unser Unternehmen kennen!<\/b><\/h1>\n<p><span style=\"font-weight: 400;\">Bei Everplast konzentrieren wir uns auf die Bereitstellung innovativer L\u00f6sungen f\u00fcr Unternehmen, die nach personalisierten Produkten f\u00fcr Veranstaltungen und Werbekampagnen suchen. Wir bieten sowohl Kunststoffb\u00e4lle mit Logos als auch andere Gadgets an, die im Blasformverfahren hergestellt werden. Unsere Produkte garantieren nicht nur unvergesslichen Spa\u00df, sondern bieten auch die M\u00f6glichkeit, Ihre Marke hervorzuheben und zu f\u00f6rdern, wenn Sie sie f\u00fcr Marketingzwecke verwenden. Durch die M\u00f6glichkeit der Personalisierung, beispielsweise durch die Wahl der passenden Farbe und den Aufdruck eines Logos, wird das B\u00e4llebad zu einem echten Werbetr\u00e4ger, der die Markenbekanntheit steigert und es Ihnen erm\u00f6glicht, Kunden auf subtile Weise zu erreichen und positive Assoziationen zu wecken. Wir beliefern auch Privatkunden mit fertigen B\u00e4llen f\u00fcr Kinderb\u00e4llepools.<\/span><\/p>\n<h2><b>Wie begann unsere Geschichte?<\/b><\/h2>\n<p><span style=\"font-weight: 400;\">Wir begannen unser Abenteuer auf dem Markt mit der Herstellung von Artikeln f\u00fcr die Spielwarenindustrie. Im Laufe der Zeit nahm der Umfang unserer Aktivit\u00e4ten einen etwas anderen, aber immer noch verwandten Charakter an. Heute sind wir in der Lage, mit Spezialmaschinen nahezu jedes Kunststoffelement herzustellen. Deshalb haben wir unsere Aktivit\u00e4ten auf die Herstellung von Kunststoffprodukten in anderen Formen ausgeweitet, beispielsweise bunte Bowlingkegel zum spielen. Au\u00dferdem haben wir Kugeln f\u00fcr R\u00fcckhaltebecken in unser Angebot aufgenommen, die das Wasser im Becken zur\u00fcckhalten, dessen Verdunstung reduzieren und sogar eine Anti-Algen-Funktion besitzen.<\/span><br \/>\n<span style=\"font-weight: 400;\">Wir entwickeln uns st\u00e4ndig weiter, um unseren Kunden immer gr\u00f6\u00dfere M\u00f6glichkeiten zu bieten. Wir f\u00fchren sowohl kleine als auch gro\u00dfe Auftr\u00e4ge aus und beliefern nicht nur Unternehmen, sondern auch Privatpersonen.<\/span><\/p>\n<h2><b>Warum lohnt es sich, EverPlast zu w\u00e4hlen?<\/b><\/h2>\n<p><span style=\"font-weight: 400;\">Kunden wenden sich an uns, weil sie einen Hersteller suchen, der nicht nur auf Details achtet, sondern auch in der Lage ist, personalisierte Produkte f\u00fcr sie herzustellen. Wir konstruieren und fertigen Kunststoffb\u00e4lle f\u00fcr Trockenb\u00e4llepools und passen diese an die individuellen Kundenanforderungen an. Dabei handelt es sich in der Regel um Artikel, die in einer bestimmten Farbgebung hergestellt werden oder auf denen ein Logo bzw. ein Werbeslogan angebracht ist. Auf diese Weise unterst\u00fctzen wir umfassend Marketingkampagnen von Unternehmen, Gemeinden und Nichtregierungsorganisationen.<\/span><br \/>\n<span style=\"font-weight: 400;\">Everplast zeichnet sich durch die hohe Qualit\u00e4t seiner Produkte aus, eine Verantwortung, die durch verschiedene Zulassungen best\u00e4tigt wird, sowie durch die F\u00e4higkeit, Auftr\u00e4ge schnell und problemlos auszuf\u00fchren. Wir arbeiten professionell und planen jede Phase der Zusammenarbeit sorgf\u00e4ltig, um die vollst\u00e4ndige Zufriedenheit beider Parteien sicherzustellen. Dar\u00fcber hinaus stellen wir Visualisierungen zur Verf\u00fcgung, sodass sich jeder Kunde vor der Erstellung der B\u00e4lle mit dem Projekt vertraut machen kann.<\/span><\/p>\n<h2><b>Mit wem arbeiten wir zusammen?<\/b><\/h2>\n<p><span style=\"font-weight: 400;\">Unsere Produkte erreichen unterschiedliche Empf\u00e4nger, darunter Einzelhandelsketten, Gro\u00dfh\u00e4ndler, Spielwarenhersteller und Einzelkunden. Unsere Gesch\u00e4ftst\u00e4tigkeit erstreckt sich sowohl auf den Inlands- als auch auf den Auslandsmarkt und wir bieten allen Kunden p\u00fcnktliche Lieferungen, fortlaufende Unterst\u00fctzung und umfassenden Service. Egal ob Sie ein Gro\u00dfunternehmen f\u00fchren oder Privatkunde sind: Sie k\u00f6nnen sicher sein, dass unsere Kunststoffb\u00e4lle f\u00fcr B\u00e4lleb\u00e4der p\u00fcnktlich bei Ihnen eintreffen und Ihren Erwartungen entsprechen.<\/span><\/p>\n<h2><b>EverPlast in Zahlen<\/b><\/h2>\n<ul>\n<li style=\"font-weight: 400;\" aria-level=\"1\"><span style=\"font-weight: 400;\">+75 Millionen Plastikb\u00e4lle produziert;<\/span><\/li>\n<li style=\"font-weight: 400;\" aria-level=\"1\"><span style=\"font-weight: 400;\">+100 Farben verf\u00fcgbar mit der Option, Ihre eigenen hinzuzuf\u00fcgen oder mehrfarbige B\u00e4lle zu erstellen;<\/span><\/li>\n<li style=\"font-weight: 400;\" aria-level=\"1\"><span style=\"font-weight: 400;\">+16 L\u00e4nder auf der ganzen Welt, aus denen Unternehmen kommen, die sich f\u00fcr unsere Dienste entscheiden.<\/span><\/li>\n<\/ul>\n<p><span style=\"font-weight: 400;\">Wenn Sie individuelle L\u00f6sungen f\u00fcr Ihr Unternehmen suchen oder Plastikb\u00e4lle zum Spielen f\u00fcr Ihr Kind ben\u00f6tigen, kontaktieren Sie uns gerne. Als gesch\u00e4tzter Hersteller sind wir bereit, alle Ihre Fragen zu beantworten, zus\u00e4tzliche Informationen bereitzustellen und eine Zusammenarbeit zu beginnen, die Ihnen viel Zufriedenheit bringen wird.<\/span>[\/vc_column_text][\/vc_column][\/vc_row]<\/p>\n<\/div>","protected":false},"excerpt":{"rendered":"<p>[vc_row row_height_percent=&#8220;0&#8243; override_padding=&#8220;yes&#8220; h_padding=&#8220;2&#8243; top_padding=&#8220;3&#8243; bottom_padding=&#8220;2&#8243; back_color=&#8220;color-xsdn&#8220; overlay_alpha=&#8220;50&#8243; gutter_size=&#8220;3&#8243; column_width_percent=&#8220;100&#8243; shift_y=&#8220;0&#8243; z_index=&#8220;0&#8243; uncode_shortcode_id=&#8220;124102&#8243; back_color_type=&#8220;uncode-palette&#8220;][vc_column width=&#8220;1\/1&#8243;][vc_custom_heading heading_semantic=&#8220;div&#8220; text_size=&#8220;fontsize-155944&#8243; text_weight=&#8220;300&#8243; uncode_shortcode_id=&#8220;205608&#8243;]Wir liefern [&hellip;]<\/p>\n","protected":false},"author":6,"featured_media":0,"parent":0,"menu_order":0,"comment_status":"closed","ping_status":"closed","template":"","meta":{"footnotes":""},"class_list":["post-120515","page","type-page","status-publish","hentry"],"jetpack_sharing_enabled":true,"_links":{"self":[{"href":"https:\/\/everplast.pl\/de\/wp-json\/wp\/v2\/pages\/120515","targetHints":{"allow":["GET"]}}],"collection":[{"href":"https:\/\/everplast.pl\/de\/wp-json\/wp\/v2\/pages"}],"about":[{"href":"https:\/\/everplast.pl\/de\/wp-json\/wp\/v2\/types\/page"}],"author":[{"embeddable":true,"href":"https:\/\/everplast.pl\/de\/wp-json\/wp\/v2\/users\/6"}],"replies":[{"embeddable":true,"href":"https:\/\/everplast.pl\/de\/wp-json\/wp\/v2\/comments?post=120515"}],"version-history":[{"count":2,"href":"https:\/\/everplast.pl\/de\/wp-json\/wp\/v2\/pages\/120515\/revisions"}],"predecessor-version":[{"id":120518,"href":"https:\/\/everplast.pl\/de\/wp-json\/wp\/v2\/pages\/120515\/revisions\/120518"}],"wp:attachment":[{"href":"https:\/\/everplast.pl\/de\/wp-json\/wp\/v2\/media?parent=120515"}],"curies":[{"name":"wp","href":"https:\/\/api.w.org\/{rel}","templated":true}]}}